{"id":5745,"date":"2022-11-26T00:21:44","date_gmt":"2022-11-26T00:21:44","guid":{"rendered":"http:\/\/localhost\/AvivaKende\/?post_type=product&#038;p=5745"},"modified":"2022-11-26T00:21:45","modified_gmt":"2022-11-26T00:21:45","slug":"man-finding-balance-sculpture","status":"publish","type":"product","link":"https:\/\/avivakende.com\/es_mx\/product\/man-finding-balance-sculpture\/","title":{"rendered":"Man Finding Balance Sculpture"},"content":{"rendered":"<p>La escultura Man Finding Balance representa la b\u00fasqueda interminable para encontrar el equilibrio en nuestras vidas. Esta pieza interactiva est\u00e1 esculpida en hierro fundido y acabada en hierro natural y lat\u00f3n envejecido con una gran base de cristal. Se puede mover en cualquier posici\u00f3n sin volcar<\/p>\n<table>\n<tr>\n<td><strong>Dimensiones:<\/strong><\/td>\n<td>11 W X 16 H X 6 D (in)<\/td>\n<\/tr>\n<tr>\n<td><strong>Peso:<\/strong><\/td>\n<td>25<\/td>\n<\/tr>\n<\/table>\n","protected":false},"excerpt":{"rendered":"<p>La escultura Man Finding Balance representa la b\u00fasqueda interminable para encontrar el equilibrio en nuestras vidas. Esta pieza interactiva est\u00e1 esculpida en hierro fundido y acabada en hierro natural y lat\u00f3n envejecido con una gran base de cristal. Se puede mover en cualquier posici\u00f3n sin volcar Dimensiones: 11 W X 16 H X 6 D [&hellip;]<\/p>\n","protected":false},"featured_media":5746,"template":"","meta":[],"product_cat":[100],"product_tag":[],"brands":[{"id":102,"name":"Revelation","slug":"revelation"}],"_links":{"self":[{"href":"https:\/\/avivakende.com\/es_mx\/wp-json\/wp\/v2\/product\/5745"}],"collection":[{"href":"https:\/\/avivakende.com\/es_mx\/wp-json\/wp\/v2\/product"}],"about":[{"href":"https:\/\/avivakende.com\/es_mx\/wp-json\/wp\/v2\/types\/product"}],"wp:featuredmedia":[{"embeddable":true,"href":"https:\/\/avivakende.com\/es_mx\/wp-json\/wp\/v2\/media\/5746"}],"wp:attachment":[{"href":"https:\/\/avivakende.com\/es_mx\/wp-json\/wp\/v2\/media?parent=5745"}],"wp:term":[{"taxonomy":"product_cat","embeddable":true,"href":"https:\/\/avivakende.com\/es_mx\/wp-json\/wp\/v2\/product_cat?post=5745"},{"taxonomy":"product_tag","embeddable":true,"href":"https:\/\/avivakende.com\/es_mx\/wp-json\/wp\/v2\/product_tag?post=5745"}],"curies":[{"name":"wp","href":"https:\/\/api.w.org\/{rel}","templated":true}]}}