{"id":5735,"date":"2022-11-26T00:13:03","date_gmt":"2022-11-26T00:13:03","guid":{"rendered":"http:\/\/localhost\/AvivaKende\/?post_type=product&#038;p=5735"},"modified":"2022-11-26T00:13:03","modified_gmt":"2022-11-26T00:13:03","slug":"lets-twist-dining-chair-ivory","status":"publish","type":"product","link":"https:\/\/avivakende.com\/es_mx\/product\/lets-twist-dining-chair-ivory\/","title":{"rendered":"Let&#8217;s Twist Dining Chair &#8211; Ivory"},"content":{"rendered":"<p>Perfecta para cenar o como silla plegable, gira y gira para proporcionar la m\u00e1xima funcionalidad, as\u00ed como la elegancia cl\u00e1sica y moderna. El c\u00f3modo asiento parece flotar sobre una base de acero inoxidable de lat\u00f3n cepillado. Totalmente tapizado en tela marfil tejida con un acabado especial que resiste la suciedad y las manchas. La altura del asiento es de 19&#8243;<\/p>\n<table>\n<tr>\n<td><strong>Dimensiones:<\/strong><\/td>\n<td>24 W X 35 H X 24 D (in)<\/td>\n<\/tr>\n<tr>\n<td><strong>Peso:<\/strong><\/td>\n<td>36<\/td>\n<\/tr>\n<\/table>\n","protected":false},"excerpt":{"rendered":"<p>Perfecta para cenar o como silla plegable, gira y gira para proporcionar la m\u00e1xima funcionalidad, as\u00ed como la elegancia cl\u00e1sica y moderna. El c\u00f3modo asiento parece flotar sobre una base de acero inoxidable de lat\u00f3n cepillado. Totalmente tapizado en tela marfil tejida con un acabado especial que resiste la suciedad y las manchas. La altura [&hellip;]<\/p>\n","protected":false},"featured_media":5736,"template":"","meta":[],"product_cat":[100],"product_tag":[],"brands":[{"id":102,"name":"Revelation","slug":"revelation"}],"_links":{"self":[{"href":"https:\/\/avivakende.com\/es_mx\/wp-json\/wp\/v2\/product\/5735"}],"collection":[{"href":"https:\/\/avivakende.com\/es_mx\/wp-json\/wp\/v2\/product"}],"about":[{"href":"https:\/\/avivakende.com\/es_mx\/wp-json\/wp\/v2\/types\/product"}],"wp:featuredmedia":[{"embeddable":true,"href":"https:\/\/avivakende.com\/es_mx\/wp-json\/wp\/v2\/media\/5736"}],"wp:attachment":[{"href":"https:\/\/avivakende.com\/es_mx\/wp-json\/wp\/v2\/media?parent=5735"}],"wp:term":[{"taxonomy":"product_cat","embeddable":true,"href":"https:\/\/avivakende.com\/es_mx\/wp-json\/wp\/v2\/product_cat?post=5735"},{"taxonomy":"product_tag","embeddable":true,"href":"https:\/\/avivakende.com\/es_mx\/wp-json\/wp\/v2\/product_tag?post=5735"}],"curies":[{"name":"wp","href":"https:\/\/api.w.org\/{rel}","templated":true}]}}