{"id":5730,"date":"2022-11-26T00:09:31","date_gmt":"2022-11-26T00:09:31","guid":{"rendered":"http:\/\/localhost\/AvivaKende\/?post_type=product&#038;p=5730"},"modified":"2022-11-26T00:09:31","modified_gmt":"2022-11-26T00:09:31","slug":"living-room-melange-corrina-martini-table","status":"publish","type":"product","link":"https:\/\/avivakende.com\/es_mx\/product\/living-room-melange-corrina-martini-table\/","title":{"rendered":"Living Room Melange Corrina Martini Table"},"content":{"rendered":"<p>Agregue un brillo de estilo Art Deco atemporal a cualquier espacio con la mesa M\u00e9lange Corrina Martini, que combina una base calada de metal dorado con una cubierta de parquet de \u00f3nix blanco para una apariencia aireada y estimulante. El tama\u00f1o compacto de 12 x 12 hace de esta una pieza vers\u00e1til para cualquier espacio vital. Ac\u00e9rcate a Melange y descubrir\u00e1s algo inesperado. Una mezcla ecl\u00e9ctica de colores, texturas y materiales en una colecci\u00f3n vibrante de piezas art\u00edsticas \u00fanicas, Melange est\u00e1 destinado a inspirarte y alimentar una experiencia de autodescubrimiento, inspirando un renacimiento en tu hogar. Cada pieza de Melange tiene su propia historia. Los dise\u00f1os son vers\u00e1tiles y atemporales, y trascienden f\u00e1cilmente de una etapa de la vida a la siguiente, de un hogar a otro y de una generaci\u00f3n a otra.<\/p>\n<table>\n<tr>\n<td><strong>Ancho:<\/strong><\/td>\n<td>12&#8243; (30.5 cm)<\/td>\n<\/tr>\n<tr>\n<td><strong>Profundidad:<\/strong><\/td>\n<td>12&#8243; (30.5 cm)<\/td>\n<\/tr>\n<tr>\n<td><strong>Altura:<\/strong><\/td>\n<td>22&#8243; (55.9 cm)<\/td>\n<\/tr>\n<tr>\n<td><strong>Peso:<\/strong><\/td>\n<td>12 lb (5.4 kg)<\/td>\n<\/tr>\n<tr>\n<td><strong>Volumen:<\/strong><\/td>\n<td>3.41 cu ft (0.1 m3)<\/td>\n<\/tr>\n<\/table>\n","protected":false},"excerpt":{"rendered":"<p>Agregue un brillo de estilo Art Deco atemporal a cualquier espacio con la mesa M\u00e9lange Corrina Martini, que combina una base calada de metal dorado con una cubierta de parquet de \u00f3nix blanco para una apariencia aireada y estimulante. El tama\u00f1o compacto de 12 x 12 hace de esta una pieza vers\u00e1til para cualquier espacio [&hellip;]<\/p>\n","protected":false},"featured_media":5731,"template":"","meta":[],"product_cat":[100],"product_tag":[],"brands":[{"id":107,"name":"Hooker Furniture","slug":"hooker-furniture"}],"_links":{"self":[{"href":"https:\/\/avivakende.com\/es_mx\/wp-json\/wp\/v2\/product\/5730"}],"collection":[{"href":"https:\/\/avivakende.com\/es_mx\/wp-json\/wp\/v2\/product"}],"about":[{"href":"https:\/\/avivakende.com\/es_mx\/wp-json\/wp\/v2\/types\/product"}],"wp:featuredmedia":[{"embeddable":true,"href":"https:\/\/avivakende.com\/es_mx\/wp-json\/wp\/v2\/media\/5731"}],"wp:attachment":[{"href":"https:\/\/avivakende.com\/es_mx\/wp-json\/wp\/v2\/media?parent=5730"}],"wp:term":[{"taxonomy":"product_cat","embeddable":true,"href":"https:\/\/avivakende.com\/es_mx\/wp-json\/wp\/v2\/product_cat?post=5730"},{"taxonomy":"product_tag","embeddable":true,"href":"https:\/\/avivakende.com\/es_mx\/wp-json\/wp\/v2\/product_tag?post=5730"}],"curies":[{"name":"wp","href":"https:\/\/api.w.org\/{rel}","templated":true}]}}