{"id":5725,"date":"2022-11-26T00:03:42","date_gmt":"2022-11-26T00:03:42","guid":{"rendered":"http:\/\/localhost\/AvivaKende\/?post_type=product&#038;p=5725"},"modified":"2022-11-26T00:03:43","modified_gmt":"2022-11-26T00:03:43","slug":"living-room-amani-accent-table","status":"publish","type":"product","link":"https:\/\/avivakende.com\/es_mx\/product\/living-room-amani-accent-table\/","title":{"rendered":"Living Room Amani Accent Table"},"content":{"rendered":"<p>Con un estilo moderno pero informal, la mesa Armani Accent es una mezcla ecl\u00e9ctica de materiales naturales, madera maciza de haya, capiz shell y cuerda, que evoca un lugar de refugio y retiro. El relajante acabado tonal Buff Almond est\u00e1 lavado con cal con una textura sutil acentuada por cuerda de yute, y la superficie de la mesa est\u00e1 cubierta con Capiz Shell. Inspirado en un enfoque sofisticado de una vida de ocio, el estilo moderno pero informal de la colecci\u00f3n evoca recuerdos de un lugar de refugio y retiro con su mezcla tranquila de materiales org\u00e1nicos y tonos de madera. La colecci\u00f3n incluye piezas de comedor, ocasionales y decorativas. Caracterizado por una mezcla de materiales naturales, el grupo incluye piedra, acentos de conchas de capiz pulidas con chorro de arena, detalles de metal en bruto con un acabado de zinc suave, cuerda de yute natural y detalles de celos\u00eda. Combinado con chapas de pacana natural en tres acabados tonales relajantes, Amani crea espacios acogedores que personifican una vida de ocio.<\/p>\n<table>\n<tr>\n<td><strong>Ancho:<\/strong><\/td>\n<td>18&#8243; (45.7 cm)<\/td>\n<\/tr>\n<tr>\n<td><strong>Profundidad:<\/strong><\/td>\n<td>18&#8243; (45.7 cm)<\/td>\n<\/tr>\n<tr>\n<td><strong>Altura:<\/strong><\/td>\n<td>24&#8243; (61 cm)<\/td>\n<\/tr>\n<tr>\n<td><strong>Peso:<\/strong><\/td>\n<td>13.2 lb (5.9 kg)<\/td>\n<\/tr>\n<tr>\n<td><strong>Volumen:<\/strong><\/td>\n<td>8.03 cu ft (0.2 m3)<\/td>\n<\/tr>\n<\/table>\n","protected":false},"excerpt":{"rendered":"<p>Con un estilo moderno pero informal, la mesa Armani Accent es una mezcla ecl\u00e9ctica de materiales naturales, madera maciza de haya, capiz shell y cuerda, que evoca un lugar de refugio y retiro. El relajante acabado tonal Buff Almond est\u00e1 lavado con cal con una textura sutil acentuada por cuerda de yute, y la superficie [&hellip;]<\/p>\n","protected":false},"featured_media":5726,"template":"","meta":[],"product_cat":[100],"product_tag":[],"brands":[{"id":107,"name":"Hooker Furniture","slug":"hooker-furniture"}],"_links":{"self":[{"href":"https:\/\/avivakende.com\/es_mx\/wp-json\/wp\/v2\/product\/5725"}],"collection":[{"href":"https:\/\/avivakende.com\/es_mx\/wp-json\/wp\/v2\/product"}],"about":[{"href":"https:\/\/avivakende.com\/es_mx\/wp-json\/wp\/v2\/types\/product"}],"wp:featuredmedia":[{"embeddable":true,"href":"https:\/\/avivakende.com\/es_mx\/wp-json\/wp\/v2\/media\/5726"}],"wp:attachment":[{"href":"https:\/\/avivakende.com\/es_mx\/wp-json\/wp\/v2\/media?parent=5725"}],"wp:term":[{"taxonomy":"product_cat","embeddable":true,"href":"https:\/\/avivakende.com\/es_mx\/wp-json\/wp\/v2\/product_cat?post=5725"},{"taxonomy":"product_tag","embeddable":true,"href":"https:\/\/avivakende.com\/es_mx\/wp-json\/wp\/v2\/product_tag?post=5725"}],"curies":[{"name":"wp","href":"https:\/\/api.w.org\/{rel}","templated":true}]}}