{"id":5720,"date":"2022-11-25T23:59:09","date_gmt":"2022-11-25T23:59:09","guid":{"rendered":"http:\/\/localhost\/AvivaKende\/?post_type=product&#038;p=5720"},"modified":"2022-11-25T23:59:09","modified_gmt":"2022-11-25T23:59:09","slug":"living-room-melange-fingerprints-two-door-credenza","status":"publish","type":"product","link":"https:\/\/avivakende.com\/es_mx\/product\/living-room-melange-fingerprints-two-door-credenza\/","title":{"rendered":"Living Room Melange Fingerprints Two Door Credenza"},"content":{"rendered":"<p>Con el encanto de una pintura impresionista, la espectacular Credenza Fingerprints cuenta con puertas de color bronce en un patr\u00f3n en espiral, que contrasta con un acabado negro en la parte superior, los lados y el interior, y est\u00e1 acentuado por patas de metal bronce. Hecha de madera, resina y metal, la credenza tiene dos puertas con bisagras de cierre suave y pestillos t\u00e1ctiles con un caj\u00f3n detr\u00e1s de cada puerta y espacio abierto por encima y por debajo de los cajones. Preparada para los medios, la credenza tiene un panel trasero ventilado y un tomacorriente FC705 de 3 enchufes. Ac\u00e9rquese a Melange y descubrir\u00e1 algo inesperado, una mezcla ecl\u00e9ctica de colores, texturas y materiales en una vibrante colecci\u00f3n de piezas art\u00edsticas \u00fanicas en su tipo.<\/p>\n<table>\n<tr>\n<td><strong>Ancho:<\/strong><\/td>\n<td>54&#8243; (137.2 cm)<\/td>\n<\/tr>\n<tr>\n<td><strong>Profundidad:<\/strong><\/td>\n<td>18&#8243; (45.7 cm)<\/td>\n<\/tr>\n<tr>\n<td><strong>Altura:<\/strong><\/td>\n<td>33&#8243; (83.8 cm)<\/td>\n<\/tr>\n<tr>\n<td><strong>Peso:<\/strong><\/td>\n<td>231 lb (104 kg)<\/td>\n<\/tr>\n<tr>\n<td><strong>Volumen:<\/strong><\/td>\n<td>27.69 cu ft (0.8 m3)<\/td>\n<\/tr>\n<\/table>\n","protected":false},"excerpt":{"rendered":"<p>Con el encanto de una pintura impresionista, la espectacular Credenza Fingerprints cuenta con puertas de color bronce en un patr\u00f3n en espiral, que contrasta con un acabado negro en la parte superior, los lados y el interior, y est\u00e1 acentuado por patas de metal bronce. Hecha de madera, resina y metal, la credenza tiene dos [&hellip;]<\/p>\n","protected":false},"featured_media":5721,"template":"","meta":[],"product_cat":[99],"product_tag":[],"brands":[{"id":107,"name":"Hooker Furniture","slug":"hooker-furniture"}],"_links":{"self":[{"href":"https:\/\/avivakende.com\/es_mx\/wp-json\/wp\/v2\/product\/5720"}],"collection":[{"href":"https:\/\/avivakende.com\/es_mx\/wp-json\/wp\/v2\/product"}],"about":[{"href":"https:\/\/avivakende.com\/es_mx\/wp-json\/wp\/v2\/types\/product"}],"wp:featuredmedia":[{"embeddable":true,"href":"https:\/\/avivakende.com\/es_mx\/wp-json\/wp\/v2\/media\/5721"}],"wp:attachment":[{"href":"https:\/\/avivakende.com\/es_mx\/wp-json\/wp\/v2\/media?parent=5720"}],"wp:term":[{"taxonomy":"product_cat","embeddable":true,"href":"https:\/\/avivakende.com\/es_mx\/wp-json\/wp\/v2\/product_cat?post=5720"},{"taxonomy":"product_tag","embeddable":true,"href":"https:\/\/avivakende.com\/es_mx\/wp-json\/wp\/v2\/product_tag?post=5720"}],"curies":[{"name":"wp","href":"https:\/\/api.w.org\/{rel}","templated":true}]}}