{"id":5715,"date":"2022-11-25T23:54:04","date_gmt":"2022-11-25T23:54:04","guid":{"rendered":"http:\/\/localhost\/AvivaKende\/?post_type=product&#038;p=5715"},"modified":"2022-11-25T23:54:04","modified_gmt":"2022-11-25T23:54:04","slug":"living-room-melange-florence-four-door-credenza","status":"publish","type":"product","link":"https:\/\/avivakende.com\/es_mx\/product\/living-room-melange-florence-four-door-credenza\/","title":{"rendered":"Living Room Melange Florence Four Door Credenza"},"content":{"rendered":"<p>Traiga el aire libre con la impresionante Credenza de cuatro puertas M\u00e9lange Florence, que presenta motivos florales recortados a mano en las cuatro puertas y herrajes plateados con motivos florales de generosa escala. Hay 2 cajones detr\u00e1s de las puertas centrales y 2 estantes ajustables detr\u00e1s de cada puerta exterior y un estante fijo detr\u00e1s del par de puertas centrales. Elaborada con chapas de roble y resina en un acabado de madera medio, la credenza tiene un panel posterior ventilado con administraci\u00f3n de cables. Ac\u00e9rcate a Melange y descubrir\u00e1s algo inesperado. Una mezcla ecl\u00e9ctica de colores, texturas y materiales en una colecci\u00f3n vibrante de piezas art\u00edsticas \u00fanicas, Melange est\u00e1 destinado a inspirarte y alimentar una experiencia de autodescubrimiento, inspirando un renacimiento en tu hogar. Cada pieza de Melange tiene su propia historia. Los dise\u00f1os son vers\u00e1tiles y atemporales, y trascienden f\u00e1cilmente de una etapa de la vida a la siguiente, de un hogar a otro y de una generaci\u00f3n a otra.<\/p>\n<table>\n<tr>\n<td><strong>Ancho:<\/strong><\/td>\n<td>90&#8243; (228.6 cm)<\/td>\n<\/tr>\n<tr>\n<td><strong>Profundidad:<\/strong><\/td>\n<td>20&#8243; (50.8 cm)<\/td>\n<\/tr>\n<tr>\n<td><strong>Altura:<\/strong><\/td>\n<td>34&#8243; (86.4 cm)<\/td>\n<\/tr>\n<tr>\n<td><strong>Peso:<\/strong><\/td>\n<td>303 lb (136.4 kg)<\/td>\n<\/tr>\n<tr>\n<td><strong>Volumen:<\/strong><\/td>\n<td>50.59 cu ft (1.4 m3)<\/td>\n<\/tr>\n<\/table>\n","protected":false},"excerpt":{"rendered":"<p>Traiga el aire libre con la impresionante Credenza de cuatro puertas M\u00e9lange Florence, que presenta motivos florales recortados a mano en las cuatro puertas y herrajes plateados con motivos florales de generosa escala. Hay 2 cajones detr\u00e1s de las puertas centrales y 2 estantes ajustables detr\u00e1s de cada puerta exterior y un estante fijo detr\u00e1s [&hellip;]<\/p>\n","protected":false},"featured_media":5716,"template":"","meta":[],"product_cat":[99],"product_tag":[],"brands":[{"id":107,"name":"Hooker Furniture","slug":"hooker-furniture"}],"_links":{"self":[{"href":"https:\/\/avivakende.com\/es_mx\/wp-json\/wp\/v2\/product\/5715"}],"collection":[{"href":"https:\/\/avivakende.com\/es_mx\/wp-json\/wp\/v2\/product"}],"about":[{"href":"https:\/\/avivakende.com\/es_mx\/wp-json\/wp\/v2\/types\/product"}],"wp:featuredmedia":[{"embeddable":true,"href":"https:\/\/avivakende.com\/es_mx\/wp-json\/wp\/v2\/media\/5716"}],"wp:attachment":[{"href":"https:\/\/avivakende.com\/es_mx\/wp-json\/wp\/v2\/media?parent=5715"}],"wp:term":[{"taxonomy":"product_cat","embeddable":true,"href":"https:\/\/avivakende.com\/es_mx\/wp-json\/wp\/v2\/product_cat?post=5715"},{"taxonomy":"product_tag","embeddable":true,"href":"https:\/\/avivakende.com\/es_mx\/wp-json\/wp\/v2\/product_tag?post=5715"}],"curies":[{"name":"wp","href":"https:\/\/api.w.org\/{rel}","templated":true}]}}