{"id":5706,"date":"2022-11-25T23:39:39","date_gmt":"2022-11-25T23:39:39","guid":{"rendered":"http:\/\/localhost\/AvivaKende\/?post_type=product&#038;p=5706"},"modified":"2022-11-25T23:39:39","modified_gmt":"2022-11-25T23:39:39","slug":"dining-room-cascade-rectangle-dining-table-w-1-22in-leaf","status":"publish","type":"product","link":"https:\/\/avivakende.com\/es_mx\/product\/dining-room-cascade-rectangle-dining-table-w-1-22in-leaf\/","title":{"rendered":"Dining Room Cascade Rectangle Dining Table w\/1-22in leaf"},"content":{"rendered":"<p>Rel\u00e1jate para disfrutar de comidas memorables con familiares y amigos en esta acogedora mesa moderna estilo granja que ofrece un retiro de tu estilo de vida acelerado. Fabricada con chapas de roble, la mesa de comedor rectangular Cascade cuenta con un bastidor que se une a la base de 2 pedestales, con toda la base terminada en un yeso texturizado de color crema con crujido. El tablero de la mesa tiene un acabado topo suave sobre chapas de roble con cepillado en seco. Con una hoja de 22 pulgadas, la mesa se extiende a 106 pulgadas de largo, acomodando 2 sillones y 6 sillas laterales. Dise\u00f1ada para inyectar una sensaci\u00f3n de calma y tranquilidad en los espacios interiores, la colecci\u00f3n Cascade crea un retiro elegante, pero habitable, de nuestro estilo de vida moderno y acelerado. Caracterizada por su paleta de colores neutros ligera y aireada y el uso de materiales mixtos que incluyen roble, arpillera lacada, detalles met\u00e1licos y herrajes en tono champ\u00e1n, el estilo moderno de la colecci\u00f3n puede encontrar f\u00e1cilmente su camino en una variedad de interiores en todo el pa\u00eds. Tan relajante como el agua que cae de una pendiente rocosa empinada, la colecci\u00f3n Cascade fue dise\u00f1ada para despertar el zen, la tranquilidad y la calma en cualquier espacio vital.<\/p>\n<table>\n<tr>\n<td><strong>Width:<\/strong><\/td>\n<td>84&#8243; (213.4 cm)<\/td>\n<\/tr>\n<tr>\n<td><strong>Depth:<\/strong><\/td>\n<td>42&#8243; (106.7 cm)<\/td>\n<\/tr>\n<tr>\n<td><strong>Height:<\/strong>:<\/td>\n<td>29 1\/2&#8243; (74.9 cm)<\/td>\n<\/tr>\n<tr>\n<td><strong>Weight:<\/strong><\/td>\n<td>228 lb (102.6 kg)<\/td>\n<\/tr>\n<tr>\n<td><strong>Volumen:<\/strong><\/td>\n<td>35.54 cu ft (1 m3)<\/td>\n<\/tr>\n<\/table>\n","protected":false},"excerpt":{"rendered":"<p>Rel\u00e1jate para disfrutar de comidas memorables con familiares y amigos en esta acogedora mesa moderna estilo granja que ofrece un retiro de tu estilo de vida acelerado. Fabricada con chapas de roble, la mesa de comedor rectangular Cascade cuenta con un bastidor que se une a la base de 2 pedestales, con toda la base [&hellip;]<\/p>\n","protected":false},"featured_media":5707,"template":"","meta":[],"product_cat":[99],"product_tag":[],"brands":[{"id":107,"name":"Hooker Furniture","slug":"hooker-furniture"}],"_links":{"self":[{"href":"https:\/\/avivakende.com\/es_mx\/wp-json\/wp\/v2\/product\/5706"}],"collection":[{"href":"https:\/\/avivakende.com\/es_mx\/wp-json\/wp\/v2\/product"}],"about":[{"href":"https:\/\/avivakende.com\/es_mx\/wp-json\/wp\/v2\/types\/product"}],"wp:featuredmedia":[{"embeddable":true,"href":"https:\/\/avivakende.com\/es_mx\/wp-json\/wp\/v2\/media\/5707"}],"wp:attachment":[{"href":"https:\/\/avivakende.com\/es_mx\/wp-json\/wp\/v2\/media?parent=5706"}],"wp:term":[{"taxonomy":"product_cat","embeddable":true,"href":"https:\/\/avivakende.com\/es_mx\/wp-json\/wp\/v2\/product_cat?post=5706"},{"taxonomy":"product_tag","embeddable":true,"href":"https:\/\/avivakende.com\/es_mx\/wp-json\/wp\/v2\/product_tag?post=5706"}],"curies":[{"name":"wp","href":"https:\/\/api.w.org\/{rel}","templated":true}]}}