{"id":5701,"date":"2022-11-25T23:31:17","date_gmt":"2022-11-25T23:31:17","guid":{"rendered":"http:\/\/localhost\/AvivaKende\/?post_type=product&#038;p=5701"},"modified":"2022-11-25T23:31:17","modified_gmt":"2022-11-25T23:31:17","slug":"slope-90-inch-sofa-martini-olive-antique-velvet","status":"publish","type":"product","link":"https:\/\/avivakende.com\/es_mx\/product\/slope-90-inch-sofa-martini-olive-antique-velvet\/","title":{"rendered":"Slope 90 Inch Sofa &#8211; Martini Olive Antique Velvet"},"content":{"rendered":"<p>Atenuemos las luces y absorbamos todos los detalles del Slope Sofa. El marco de 90 pulgadas est\u00e1 completamente tapizado en un suave y rico terciopelo de rendimiento de oliva martini, que ha sido tratado para resistir la suciedad y las manchas. Los cojines rellenos de Trillium incluyen: un coj\u00edn de banco con mechones de biscuit que se extiende a lo largo del sof\u00e1 para obtener las m\u00e1ximas opciones de asiento, y tres cojines de respaldo sueltos que se pueden voltear para obtener la m\u00e1xima comodidad. El cuerpo bajo y elegante est\u00e1 construido con un marco de madera maciza y est\u00e1 fabricado en la capital del mueble, High Point, NC. Las tres lujosas almohadas lumbares est\u00e1n incluidas. La altura del asiento es de 19&#8243;.<\/p>\n<table>\n<tr>\n<td><strong>Dimensiones: <\/strong><\/td>\n<td>90 W X 32 H X 38 D (in)<\/td>\n<\/tr>\n<tr>\n<td><strong>Peso:<\/strong><\/td>\n<td>170<\/td>\n<\/tr>\n<\/table>\n","protected":false},"excerpt":{"rendered":"<p>Atenuemos las luces y absorbamos todos los detalles del Slope Sofa. El marco de 90 pulgadas est\u00e1 completamente tapizado en un suave y rico terciopelo de rendimiento de oliva martini, que ha sido tratado para resistir la suciedad y las manchas. Los cojines rellenos de Trillium incluyen: un coj\u00edn de banco con mechones de biscuit [&hellip;]<\/p>\n","protected":false},"featured_media":5702,"template":"","meta":[],"product_cat":[99],"product_tag":[],"brands":[{"id":102,"name":"Revelation","slug":"revelation"}],"_links":{"self":[{"href":"https:\/\/avivakende.com\/es_mx\/wp-json\/wp\/v2\/product\/5701"}],"collection":[{"href":"https:\/\/avivakende.com\/es_mx\/wp-json\/wp\/v2\/product"}],"about":[{"href":"https:\/\/avivakende.com\/es_mx\/wp-json\/wp\/v2\/types\/product"}],"wp:featuredmedia":[{"embeddable":true,"href":"https:\/\/avivakende.com\/es_mx\/wp-json\/wp\/v2\/media\/5702"}],"wp:attachment":[{"href":"https:\/\/avivakende.com\/es_mx\/wp-json\/wp\/v2\/media?parent=5701"}],"wp:term":[{"taxonomy":"product_cat","embeddable":true,"href":"https:\/\/avivakende.com\/es_mx\/wp-json\/wp\/v2\/product_cat?post=5701"},{"taxonomy":"product_tag","embeddable":true,"href":"https:\/\/avivakende.com\/es_mx\/wp-json\/wp\/v2\/product_tag?post=5701"}],"curies":[{"name":"wp","href":"https:\/\/api.w.org\/{rel}","templated":true}]}}