{"id":5696,"date":"2022-11-25T23:26:39","date_gmt":"2022-11-25T23:26:39","guid":{"rendered":"http:\/\/localhost\/AvivaKende\/?post_type=product&#038;p=5696"},"modified":"2022-11-25T23:27:56","modified_gmt":"2022-11-25T23:27:56","slug":"bedroom-linville-falls-boones-queen-upholstered-shelter-bed","status":"publish","type":"product","link":"https:\/\/avivakende.com\/es_mx\/product\/bedroom-linville-falls-boones-queen-upholstered-shelter-bed\/","title":{"rendered":"Bedroom Linville Falls Boones Queen Upholstered Shelter Bed"},"content":{"rendered":"<p>Envolvente y acogedora, la cama de refugio tapizada Queen Boones ofrece un refugio relajante y elegante al final de un largo d\u00eda. La llamativa y moderna silueta de la cama tipo trineo presenta un borde de madera alrededor de la cabecera, el pie de cama y los rieles, y est\u00e1 tapizada con la suave tela neutra Merino Pearl Performance. Incluye cabecero, pie de cama y barandillas. Capturando la esencia de la paleta de colores org\u00e1nicos de la naturaleza y el aura de una caba\u00f1a r\u00fastica de monta\u00f1a, Hooker Furniture presenta la colecci\u00f3n Linville Falls. Toda la colecci\u00f3n para el hogar est\u00e1 dise\u00f1ada para consumidores m\u00e1s j\u00f3venes que buscan muebles informales y contempor\u00e1neos. Caracterizado por su acabado r\u00fastico y desgastado y l\u00edneas limpias combinadas con patrones de grano org\u00e1nico, Linville Falls est\u00e1 construido con s\u00f3lidos y enchapados de roble dividido y tiene una est\u00e9tica org\u00e1nica general. Se presenta en un acabado gris ahumado suave mezclado con un acabado negro carbonizado que se logra a trav\u00e9s de Shou Sugi Ban, una t\u00e9cnica japonesa que crea una elegante apariencia de madera quemada. Su escalado moderado y siluetas frescas ofrecen una yuxtaposici\u00f3n refrescante que mezcla lo antiguo con lo nuevo.<\/p>\n<table>\n<tr>\n<td><strong>Ancho:<\/strong><\/td>\n<td>67&#8243; (170.2 cm)<\/td>\n<\/tr>\n<tr>\n<td><strong>Profundidad:<\/strong><\/td>\n<td>87 1\/4&#8243; (221.6 cm)<\/td>\n<\/tr>\n<tr>\n<td><strong>Altura:<\/strong><\/td>\n<td>65&#8243; (165.1 cm)<\/td>\n<\/tr>\n<tr>\n<td><strong>Volumen:<\/strong><\/td>\n<td>61.07 cu ft (1.7 m3)<\/td>\n<\/tr>\n<\/table>\n","protected":false},"excerpt":{"rendered":"<p>Envolvente y acogedora, la cama de refugio tapizada Queen Boones ofrece un refugio relajante y elegante al final de un largo d\u00eda. La llamativa y moderna silueta de la cama tipo trineo presenta un borde de madera alrededor de la cabecera, el pie de cama y los rieles, y est\u00e1 tapizada con la suave tela [&hellip;]<\/p>\n","protected":false},"featured_media":5697,"template":"","meta":[],"product_cat":[99],"product_tag":[],"brands":[{"id":107,"name":"Hooker Furniture","slug":"hooker-furniture"}],"_links":{"self":[{"href":"https:\/\/avivakende.com\/es_mx\/wp-json\/wp\/v2\/product\/5696"}],"collection":[{"href":"https:\/\/avivakende.com\/es_mx\/wp-json\/wp\/v2\/product"}],"about":[{"href":"https:\/\/avivakende.com\/es_mx\/wp-json\/wp\/v2\/types\/product"}],"wp:featuredmedia":[{"embeddable":true,"href":"https:\/\/avivakende.com\/es_mx\/wp-json\/wp\/v2\/media\/5697"}],"wp:attachment":[{"href":"https:\/\/avivakende.com\/es_mx\/wp-json\/wp\/v2\/media?parent=5696"}],"wp:term":[{"taxonomy":"product_cat","embeddable":true,"href":"https:\/\/avivakende.com\/es_mx\/wp-json\/wp\/v2\/product_cat?post=5696"},{"taxonomy":"product_tag","embeddable":true,"href":"https:\/\/avivakende.com\/es_mx\/wp-json\/wp\/v2\/product_tag?post=5696"}],"curies":[{"name":"wp","href":"https:\/\/api.w.org\/{rel}","templated":true}]}}