{"id":5397,"date":"2022-11-23T19:48:50","date_gmt":"2022-11-23T19:48:50","guid":{"rendered":"http:\/\/localhost\/AvivaKende\/?post_type=product&#038;p=5397"},"modified":"2022-12-01T19:46:21","modified_gmt":"2022-12-01T19:46:21","slug":"middleton-magnolia-centerpiece","status":"publish","type":"product","link":"https:\/\/avivakende.com\/es_mx\/product\/middleton-magnolia-centerpiece\/","title":{"rendered":"Middleton Magnolia Centerpiece"},"content":{"rendered":"<p>Un tr\u00edo de flores de magnolia blanca se colocan en un jarr\u00f3n de vidrio transparente con agua artificial y piedras de r\u00edo naturales.<\/p>\n<p>&nbsp;<\/p>\n<table>\n<tbody>\n<tr>\n<td><strong>Dimensiones:<\/strong><\/td>\n<td>17 W X 16 H X 7 D (in)<\/td>\n<\/tr>\n<tr>\n<td><strong>Peso:<\/strong><\/td>\n<td>9 lbs<\/td>\n<\/tr>\n<\/tbody>\n<\/table>\n","protected":false},"excerpt":{"rendered":"<p>Un tr\u00edo de flores de magnolia blanca se colocan en un jarr\u00f3n de vidrio transparente con agua artificial y piedras de r\u00edo naturales. &nbsp; Dimensiones: 17 W X 16 H X 7 D (in) Peso: 9 lbs<\/p>\n","protected":false},"featured_media":5398,"template":"","meta":[],"product_cat":[95],"product_tag":[],"brands":[{"id":101,"name":"Uttermost","slug":"uttermost"}],"_links":{"self":[{"href":"https:\/\/avivakende.com\/es_mx\/wp-json\/wp\/v2\/product\/5397"}],"collection":[{"href":"https:\/\/avivakende.com\/es_mx\/wp-json\/wp\/v2\/product"}],"about":[{"href":"https:\/\/avivakende.com\/es_mx\/wp-json\/wp\/v2\/types\/product"}],"wp:featuredmedia":[{"embeddable":true,"href":"https:\/\/avivakende.com\/es_mx\/wp-json\/wp\/v2\/media\/5398"}],"wp:attachment":[{"href":"https:\/\/avivakende.com\/es_mx\/wp-json\/wp\/v2\/media?parent=5397"}],"wp:term":[{"taxonomy":"product_cat","embeddable":true,"href":"https:\/\/avivakende.com\/es_mx\/wp-json\/wp\/v2\/product_cat?post=5397"},{"taxonomy":"product_tag","embeddable":true,"href":"https:\/\/avivakende.com\/es_mx\/wp-json\/wp\/v2\/product_tag?post=5397"}],"curies":[{"name":"wp","href":"https:\/\/api.w.org\/{rel}","templated":true}]}}