{"id":5385,"date":"2022-11-23T19:35:32","date_gmt":"2022-11-23T19:35:32","guid":{"rendered":"http:\/\/localhost\/AvivaKende\/?post_type=product&#038;p=5385"},"modified":"2022-12-01T19:52:17","modified_gmt":"2022-12-01T19:52:17","slug":"marbella-barstool","status":"publish","type":"product","link":"https:\/\/avivakende.com\/es_mx\/product\/marbella-barstool\/","title":{"rendered":"Marbella Barstool"},"content":{"rendered":"<p>Inspirado por el deseo de explorar patrones y nuevas t\u00e9cnicas de tejido, Marbella reinventa la forma y el material para crear una declaraci\u00f3n incre\u00edblemente \u00fanica. El taburete de bar Marbella presenta un complejo dise\u00f1o de cuerda tejida a mano con respaldo curvo y brazos inclinados, y una pata c\u00f3nica en aluminio con recubrimiento en polvo<\/p>\n<table>\n<tbody>\n<tr>\n<td><strong>Dimensiones:<\/strong><\/td>\n<td>W24&#8243; x D23&#8243; x H42&#8243;<\/td>\n<\/tr>\n<tr>\n<td><strong>Peso:<\/strong><\/td>\n<td>29 lbs<\/td>\n<\/tr>\n<tr>\n<td><strong>Altura reposabrazos:<\/strong><\/td>\n<td>36&#8243;<\/td>\n<\/tr>\n<tr>\n<td><strong>Altura del asiento:<\/strong><\/td>\n<td>30<\/td>\n<\/tr>\n<\/tbody>\n<\/table>\n","protected":false},"excerpt":{"rendered":"<p>Inspirado por el deseo de explorar patrones y nuevas t\u00e9cnicas de tejido, Marbella reinventa la forma y el material para crear una declaraci\u00f3n incre\u00edblemente \u00fanica. El taburete de bar Marbella presenta un complejo dise\u00f1o de cuerda tejida a mano con respaldo curvo y brazos inclinados, y una pata c\u00f3nica en aluminio con recubrimiento en polvo [&hellip;]<\/p>\n","protected":false},"featured_media":5386,"template":"","meta":[],"product_cat":[94],"product_tag":[],"brands":[{"id":104,"name":"Sunset West","slug":"sunset-west"}],"_links":{"self":[{"href":"https:\/\/avivakende.com\/es_mx\/wp-json\/wp\/v2\/product\/5385"}],"collection":[{"href":"https:\/\/avivakende.com\/es_mx\/wp-json\/wp\/v2\/product"}],"about":[{"href":"https:\/\/avivakende.com\/es_mx\/wp-json\/wp\/v2\/types\/product"}],"wp:featuredmedia":[{"embeddable":true,"href":"https:\/\/avivakende.com\/es_mx\/wp-json\/wp\/v2\/media\/5386"}],"wp:attachment":[{"href":"https:\/\/avivakende.com\/es_mx\/wp-json\/wp\/v2\/media?parent=5385"}],"wp:term":[{"taxonomy":"product_cat","embeddable":true,"href":"https:\/\/avivakende.com\/es_mx\/wp-json\/wp\/v2\/product_cat?post=5385"},{"taxonomy":"product_tag","embeddable":true,"href":"https:\/\/avivakende.com\/es_mx\/wp-json\/wp\/v2\/product_tag?post=5385"}],"curies":[{"name":"wp","href":"https:\/\/api.w.org\/{rel}","templated":true}]}}