{"id":5375,"date":"2022-11-23T19:20:13","date_gmt":"2022-11-23T19:20:13","guid":{"rendered":"http:\/\/localhost\/AvivaKende\/?post_type=product&#038;p=5375"},"modified":"2022-12-01T19:57:57","modified_gmt":"2022-12-01T19:57:57","slug":"coastal-teak-79-118-dining-table-with-leaf-extension","status":"publish","type":"product","link":"https:\/\/avivakende.com\/es_mx\/product\/coastal-teak-79-118-dining-table-with-leaf-extension\/","title":{"rendered":"Coastal Teak 79&#8243;-118&#8243; Dining Table With Leaf Extension"},"content":{"rendered":"<p>La mesa de extensi\u00f3n Coastal Teak de Sunset West es una hermosa versi\u00f3n contempor\u00e1nea de los muebles cl\u00e1sicos de teca. Uno de nuestros estilos m\u00e1s populares, esta mesa extensible cuenta con una hoja de mariposa oculta para una cena prolongada al instante. Nuestro acabado \u00fanico de varios pasos le da a la madera natural un color gris c\u00e1lido, complementando nuestras otras colecciones para el dise\u00f1o costero perfectamente curado.<\/p>\n<table>\n<tbody>\n<tr>\n<td><strong>Dimensiones:<\/strong><\/td>\n<td>L79-118&#8243; x W39&#8243; x H29&#8243;<\/td>\n<\/tr>\n<tr>\n<td><strong>Peso:<\/strong><\/td>\n<td>140lbs<\/td>\n<\/tr>\n<tr>\n<td colspan=\"2\">Con orificio para sombrilla de 1.75&#8243;<\/td>\n<\/tr>\n<\/tbody>\n<\/table>\n","protected":false},"excerpt":{"rendered":"<p>La mesa de extensi\u00f3n Coastal Teak de Sunset West es una hermosa versi\u00f3n contempor\u00e1nea de los muebles cl\u00e1sicos de teca. Uno de nuestros estilos m\u00e1s populares, esta mesa extensible cuenta con una hoja de mariposa oculta para una cena prolongada al instante. Nuestro acabado \u00fanico de varios pasos le da a la madera natural un [&hellip;]<\/p>\n","protected":false},"featured_media":5376,"template":"","meta":[],"product_cat":[94],"product_tag":[],"brands":[{"id":104,"name":"Sunset West","slug":"sunset-west"}],"_links":{"self":[{"href":"https:\/\/avivakende.com\/es_mx\/wp-json\/wp\/v2\/product\/5375"}],"collection":[{"href":"https:\/\/avivakende.com\/es_mx\/wp-json\/wp\/v2\/product"}],"about":[{"href":"https:\/\/avivakende.com\/es_mx\/wp-json\/wp\/v2\/types\/product"}],"wp:featuredmedia":[{"embeddable":true,"href":"https:\/\/avivakende.com\/es_mx\/wp-json\/wp\/v2\/media\/5376"}],"wp:attachment":[{"href":"https:\/\/avivakende.com\/es_mx\/wp-json\/wp\/v2\/media?parent=5375"}],"wp:term":[{"taxonomy":"product_cat","embeddable":true,"href":"https:\/\/avivakende.com\/es_mx\/wp-json\/wp\/v2\/product_cat?post=5375"},{"taxonomy":"product_tag","embeddable":true,"href":"https:\/\/avivakende.com\/es_mx\/wp-json\/wp\/v2\/product_tag?post=5375"}],"curies":[{"name":"wp","href":"https:\/\/api.w.org\/{rel}","templated":true}]}}