{"id":5369,"date":"2022-11-23T19:15:18","date_gmt":"2022-11-23T19:15:18","guid":{"rendered":"http:\/\/localhost\/AvivaKende\/?post_type=product&#038;p=5369"},"modified":"2022-12-01T20:00:36","modified_gmt":"2022-12-01T20:00:36","slug":"venice-daybed","status":"publish","type":"product","link":"https:\/\/avivakende.com\/es_mx\/product\/venice-daybed\/","title":{"rendered":"Venice Daybed"},"content":{"rendered":"<p>La tumbona doble Venice ofrece un dise\u00f1o sorprendente, que contrasta las l\u00edneas limpias con el espacio negativo en su marco abierto y curvo. Confeccionado en mimbre de resina color chocolate, su dise\u00f1o \u00fanico abarca m\u00faltiples estilos y es una adici\u00f3n encantadora como una pieza de inspiraci\u00f3n moderna o global para su hogar. Cinco cojines a juego de 18&#8243; incluidos en stock Canvas Canvas.<\/p>\n<p>&nbsp;<\/p>\n<table>\n<tbody>\n<tr>\n<td><strong>Dimensionse:<\/strong><\/td>\n<td>W60&#8243; x D61&#8243; x H31&#8243;<\/td>\n<\/tr>\n<tr>\n<td><strong>Peso:<\/strong><\/td>\n<td>79 lbs<\/td>\n<\/tr>\n<tr>\n<td><strong>Altura trasera:<\/strong><\/td>\n<td>28&#8243;<\/td>\n<\/tr>\n<tr>\n<td><strong>Altura del asiento:<\/strong><\/td>\n<td>18&#8243;<\/td>\n<\/tr>\n<\/tbody>\n<\/table>\n","protected":false},"excerpt":{"rendered":"<p>La tumbona doble Venice ofrece un dise\u00f1o sorprendente, que contrasta las l\u00edneas limpias con el espacio negativo en su marco abierto y curvo. Confeccionado en mimbre de resina color chocolate, su dise\u00f1o \u00fanico abarca m\u00faltiples estilos y es una adici\u00f3n encantadora como una pieza de inspiraci\u00f3n moderna o global para su hogar. Cinco cojines a [&hellip;]<\/p>\n","protected":false},"featured_media":5372,"template":"","meta":[],"product_cat":[94],"product_tag":[],"brands":[{"id":104,"name":"Sunset West","slug":"sunset-west"}],"_links":{"self":[{"href":"https:\/\/avivakende.com\/es_mx\/wp-json\/wp\/v2\/product\/5369"}],"collection":[{"href":"https:\/\/avivakende.com\/es_mx\/wp-json\/wp\/v2\/product"}],"about":[{"href":"https:\/\/avivakende.com\/es_mx\/wp-json\/wp\/v2\/types\/product"}],"wp:featuredmedia":[{"embeddable":true,"href":"https:\/\/avivakende.com\/es_mx\/wp-json\/wp\/v2\/media\/5372"}],"wp:attachment":[{"href":"https:\/\/avivakende.com\/es_mx\/wp-json\/wp\/v2\/media?parent=5369"}],"wp:term":[{"taxonomy":"product_cat","embeddable":true,"href":"https:\/\/avivakende.com\/es_mx\/wp-json\/wp\/v2\/product_cat?post=5369"},{"taxonomy":"product_tag","embeddable":true,"href":"https:\/\/avivakende.com\/es_mx\/wp-json\/wp\/v2\/product_tag?post=5369"}],"curies":[{"name":"wp","href":"https:\/\/api.w.org\/{rel}","templated":true}]}}