{"id":5363,"date":"2022-11-23T18:58:05","date_gmt":"2022-11-23T18:58:05","guid":{"rendered":"http:\/\/localhost\/AvivaKende\/?post_type=product&#038;p=5363"},"modified":"2022-12-01T20:15:45","modified_gmt":"2022-12-01T20:15:45","slug":"milano-adjustable-chaise","status":"publish","type":"product","link":"https:\/\/avivakende.com\/es_mx\/product\/milano-adjustable-chaise\/","title":{"rendered":"Milano Adjustable Chaise"},"content":{"rendered":"<p>La tumbona ajustable Milano incorpora l\u00edneas limpias y \u00e1ngulos bien pensados con su estructura de caja y su dise\u00f1o de cuerda estriada. Su marco de aluminio inoxidable est\u00e1 envuelto a mano por expertos con una cuerda de olefina de primera calidad para todo clima en gris carb\u00f3n, con respaldo ajustable y cojines de felpa de 6 &#8220;para descansar con la m\u00e1xima comodidad.<\/p>\n<p>&nbsp;<\/p>\n<table>\n<tbody>\n<tr>\n<td><strong>Dimensiones:<\/strong><\/td>\n<td>W30&#8243;x D78&#8243; x H12&#8243;<\/td>\n<\/tr>\n<tr>\n<td><strong>Peso:<\/strong><\/td>\n<td>38 lbs<\/td>\n<\/tr>\n<tr>\n<td colspan=\"2\"><\/td>\n<\/tr>\n<\/tbody>\n<\/table>\n","protected":false},"excerpt":{"rendered":"<p>La tumbona ajustable Milano incorpora l\u00edneas limpias y \u00e1ngulos bien pensados con su estructura de caja y su dise\u00f1o de cuerda estriada. Su marco de aluminio inoxidable est\u00e1 envuelto a mano por expertos con una cuerda de olefina de primera calidad para todo clima en gris carb\u00f3n, con respaldo ajustable y cojines de felpa de [&hellip;]<\/p>\n","protected":false},"featured_media":5364,"template":"","meta":[],"product_cat":[94],"product_tag":[],"brands":[{"id":104,"name":"Sunset West","slug":"sunset-west"}],"_links":{"self":[{"href":"https:\/\/avivakende.com\/es_mx\/wp-json\/wp\/v2\/product\/5363"}],"collection":[{"href":"https:\/\/avivakende.com\/es_mx\/wp-json\/wp\/v2\/product"}],"about":[{"href":"https:\/\/avivakende.com\/es_mx\/wp-json\/wp\/v2\/types\/product"}],"wp:featuredmedia":[{"embeddable":true,"href":"https:\/\/avivakende.com\/es_mx\/wp-json\/wp\/v2\/media\/5364"}],"wp:attachment":[{"href":"https:\/\/avivakende.com\/es_mx\/wp-json\/wp\/v2\/media?parent=5363"}],"wp:term":[{"taxonomy":"product_cat","embeddable":true,"href":"https:\/\/avivakende.com\/es_mx\/wp-json\/wp\/v2\/product_cat?post=5363"},{"taxonomy":"product_tag","embeddable":true,"href":"https:\/\/avivakende.com\/es_mx\/wp-json\/wp\/v2\/product_tag?post=5363"}],"curies":[{"name":"wp","href":"https:\/\/api.w.org\/{rel}","templated":true}]}}