{"id":5359,"date":"2022-11-23T18:53:51","date_gmt":"2022-11-23T18:53:51","guid":{"rendered":"http:\/\/localhost\/AvivaKende\/?post_type=product&#038;p=5359"},"modified":"2022-12-01T20:18:27","modified_gmt":"2022-12-01T20:18:27","slug":"redondo-resort-king-daybed","status":"publish","type":"product","link":"https:\/\/avivakende.com\/es_mx\/product\/redondo-resort-king-daybed\/","title":{"rendered":"Redondo Resort King Daybed"},"content":{"rendered":"<p>La colecci\u00f3n Redondo combina lo moderno y lo industrial con sensatez en un dise\u00f1o impactante. Su silueta distintiva y abierta y sus elegantes l\u00edneas angulares se complementan cuidadosamente con detalles elegantes: bordes de extrusi\u00f3n sutilmente biselados, soldaduras rectificadas por expertos para una uni\u00f3n sin costuras y acabado satinado Frost. Construida en aluminio resistente, esta colecci\u00f3n arquitect\u00f3nica es la quintaesencia de lo cool de California.<\/p>\n<table>\n<tbody>\n<tr>\n<td><strong>Dimensiones:<\/strong><\/td>\n<td>W75&#8243; x D80&#8243; x H85&#8243;<\/td>\n<\/tr>\n<tr>\n<td><strong>Peso:<\/strong><\/td>\n<td>350 lbs<\/td>\n<\/tr>\n<tr>\n<td colspan=\"2\">Coj\u00edn-100% configurable<\/td>\n<\/tr>\n<tr>\n<td colspan=\"2\">7 cojines y cortinas incluidos.<\/td>\n<\/tr>\n<\/tbody>\n<\/table>\n","protected":false},"excerpt":{"rendered":"<p>La colecci\u00f3n Redondo combina lo moderno y lo industrial con sensatez en un dise\u00f1o impactante. Su silueta distintiva y abierta y sus elegantes l\u00edneas angulares se complementan cuidadosamente con detalles elegantes: bordes de extrusi\u00f3n sutilmente biselados, soldaduras rectificadas por expertos para una uni\u00f3n sin costuras y acabado satinado Frost. Construida en aluminio resistente, esta colecci\u00f3n [&hellip;]<\/p>\n","protected":false},"featured_media":5360,"template":"","meta":[],"product_cat":[94],"product_tag":[],"brands":[{"id":104,"name":"Sunset West","slug":"sunset-west"}],"_links":{"self":[{"href":"https:\/\/avivakende.com\/es_mx\/wp-json\/wp\/v2\/product\/5359"}],"collection":[{"href":"https:\/\/avivakende.com\/es_mx\/wp-json\/wp\/v2\/product"}],"about":[{"href":"https:\/\/avivakende.com\/es_mx\/wp-json\/wp\/v2\/types\/product"}],"wp:featuredmedia":[{"embeddable":true,"href":"https:\/\/avivakende.com\/es_mx\/wp-json\/wp\/v2\/media\/5360"}],"wp:attachment":[{"href":"https:\/\/avivakende.com\/es_mx\/wp-json\/wp\/v2\/media?parent=5359"}],"wp:term":[{"taxonomy":"product_cat","embeddable":true,"href":"https:\/\/avivakende.com\/es_mx\/wp-json\/wp\/v2\/product_cat?post=5359"},{"taxonomy":"product_tag","embeddable":true,"href":"https:\/\/avivakende.com\/es_mx\/wp-json\/wp\/v2\/product_tag?post=5359"}],"curies":[{"name":"wp","href":"https:\/\/api.w.org\/{rel}","templated":true}]}}