{"id":5354,"date":"2022-11-23T18:47:04","date_gmt":"2022-11-23T18:47:04","guid":{"rendered":"http:\/\/localhost\/AvivaKende\/?post_type=product&#038;p=5354"},"modified":"2022-12-01T20:20:36","modified_gmt":"2022-12-01T20:20:36","slug":"miami-armless-club-chair","status":"publish","type":"product","link":"https:\/\/avivakende.com\/es_mx\/product\/miami-armless-club-chair\/","title":{"rendered":"Miami Armless Club Chair"},"content":{"rendered":"<p>El Miami Armless Club Chair se sale de los l\u00edmites tradicionales del dise\u00f1o de muebles de exterior para ofrecer una combinaci\u00f3n ganadora de fantas\u00eda y refinamiento. Con un marco abierto, The Miami est\u00e1 dise\u00f1ado para brindar comodidad y estilo a partes iguales: la llamativa silueta est\u00e1 dise\u00f1ada con curvas bien pensadas y un dise\u00f1o de cuerda de olefina de primera calidad para brindar el m\u00e1ximo soporte y declaraci\u00f3n.<\/p>\n<p>&nbsp;<\/p>\n<p>&nbsp;<\/p>\n<table>\n<tbody>\n<tr>\n<td><strong>Dimensiones:<\/strong><\/td>\n<td>30&#8243; x W28&#8243; x H37&#8243;<\/td>\n<\/tr>\n<tr>\n<td><strong>Peso:<\/strong><\/td>\n<td>22 lbs<\/td>\n<\/tr>\n<tr>\n<td><strong>Altura del asiento:<\/strong><\/td>\n<td>18&#8243;<\/td>\n<\/tr>\n<\/tbody>\n<\/table>\n","protected":false},"excerpt":{"rendered":"<p>El Miami Armless Club Chair se sale de los l\u00edmites tradicionales del dise\u00f1o de muebles de exterior para ofrecer una combinaci\u00f3n ganadora de fantas\u00eda y refinamiento. Con un marco abierto, The Miami est\u00e1 dise\u00f1ado para brindar comodidad y estilo a partes iguales: la llamativa silueta est\u00e1 dise\u00f1ada con curvas bien pensadas y un dise\u00f1o de [&hellip;]<\/p>\n","protected":false},"featured_media":5355,"template":"","meta":[],"product_cat":[94],"product_tag":[],"brands":[{"id":104,"name":"Sunset West","slug":"sunset-west"}],"_links":{"self":[{"href":"https:\/\/avivakende.com\/es_mx\/wp-json\/wp\/v2\/product\/5354"}],"collection":[{"href":"https:\/\/avivakende.com\/es_mx\/wp-json\/wp\/v2\/product"}],"about":[{"href":"https:\/\/avivakende.com\/es_mx\/wp-json\/wp\/v2\/types\/product"}],"wp:featuredmedia":[{"embeddable":true,"href":"https:\/\/avivakende.com\/es_mx\/wp-json\/wp\/v2\/media\/5355"}],"wp:attachment":[{"href":"https:\/\/avivakende.com\/es_mx\/wp-json\/wp\/v2\/media?parent=5354"}],"wp:term":[{"taxonomy":"product_cat","embeddable":true,"href":"https:\/\/avivakende.com\/es_mx\/wp-json\/wp\/v2\/product_cat?post=5354"},{"taxonomy":"product_tag","embeddable":true,"href":"https:\/\/avivakende.com\/es_mx\/wp-json\/wp\/v2\/product_tag?post=5354"}],"curies":[{"name":"wp","href":"https:\/\/api.w.org\/{rel}","templated":true}]}}