{"id":5348,"date":"2022-11-23T18:20:10","date_gmt":"2022-11-23T18:20:10","guid":{"rendered":"http:\/\/localhost\/AvivaKende\/?post_type=product&#038;p=5348"},"modified":"2022-12-01T20:30:54","modified_gmt":"2022-12-01T20:30:54","slug":"spruce-floor-lamp","status":"publish","type":"product","link":"https:\/\/avivakende.com\/es_mx\/product\/spruce-floor-lamp\/","title":{"rendered":"Spruce Floor Lamp"},"content":{"rendered":"<p>Inspir\u00e1ndose en la naturaleza, esta l\u00e1mpara de pie est\u00e1 hecha a mano en hierro fundido con detalles esculpidos acabados en negro r\u00fastico envejecido y sutiles matices plateados. Una pantalla de bater\u00eda de tapa dura en gris claro<\/p>\n<p>&nbsp;<\/p>\n<table>\n<tbody>\n<tr>\n<td><strong>Dimensiones:<\/strong><\/td>\n<td>69H, pantalla 11H X 18 de di\u00e1metro.<\/td>\n<\/tr>\n<tr>\n<td><strong>Peso:<\/strong><\/td>\n<td>30<\/td>\n<\/tr>\n<\/tbody>\n<\/table>\n","protected":false},"excerpt":{"rendered":"<p>Inspir\u00e1ndose en la naturaleza, esta l\u00e1mpara de pie est\u00e1 hecha a mano en hierro fundido con detalles esculpidos acabados en negro r\u00fastico envejecido y sutiles matices plateados. Una pantalla de bater\u00eda de tapa dura en gris claro &nbsp; Dimensiones: 69H, pantalla 11H X 18 de di\u00e1metro. Peso: 30<\/p>\n","protected":false},"featured_media":5349,"template":"","meta":[],"product_cat":[93],"product_tag":[],"brands":[{"id":101,"name":"Uttermost","slug":"uttermost"}],"_links":{"self":[{"href":"https:\/\/avivakende.com\/es_mx\/wp-json\/wp\/v2\/product\/5348"}],"collection":[{"href":"https:\/\/avivakende.com\/es_mx\/wp-json\/wp\/v2\/product"}],"about":[{"href":"https:\/\/avivakende.com\/es_mx\/wp-json\/wp\/v2\/types\/product"}],"wp:featuredmedia":[{"embeddable":true,"href":"https:\/\/avivakende.com\/es_mx\/wp-json\/wp\/v2\/media\/5349"}],"wp:attachment":[{"href":"https:\/\/avivakende.com\/es_mx\/wp-json\/wp\/v2\/media?parent=5348"}],"wp:term":[{"taxonomy":"product_cat","embeddable":true,"href":"https:\/\/avivakende.com\/es_mx\/wp-json\/wp\/v2\/product_cat?post=5348"},{"taxonomy":"product_tag","embeddable":true,"href":"https:\/\/avivakende.com\/es_mx\/wp-json\/wp\/v2\/product_tag?post=5348"}],"curies":[{"name":"wp","href":"https:\/\/api.w.org\/{rel}","templated":true}]}}