{"id":5343,"date":"2022-11-23T18:16:34","date_gmt":"2022-11-23T18:16:34","guid":{"rendered":"http:\/\/localhost\/AvivaKende\/?post_type=product&#038;p=5343"},"modified":"2022-12-01T20:42:42","modified_gmt":"2022-12-01T20:42:42","slug":"colfax-3-lt-semi-flush","status":"publish","type":"product","link":"https:\/\/avivakende.com\/es_mx\/product\/colfax-3-lt-semi-flush\/","title":{"rendered":"Colfax, 3 Lt Semi Flush"},"content":{"rendered":"<p>Chic y vers\u00e1til con l\u00edneas limpias este 3 lt. el montaje semiempotrado presenta un acabado de lat\u00f3n antiguo con una pantalla trasera dura de lino blanco roto con un difusor central de vidrio esmerilado. Enchufes Edison de 3-100 vatios m\u00e1x.<\/p>\n<p>&nbsp;<\/p>\n<table>\n<tbody>\n<tr>\n<td><strong>Dimensiones:<\/strong><\/td>\n<td>11 H X 21 Dia. (in)<\/td>\n<\/tr>\n<tr>\n<td><strong>Peso:<\/strong><\/td>\n<td>16<\/td>\n<\/tr>\n<\/tbody>\n<\/table>\n","protected":false},"excerpt":{"rendered":"<p>Chic y vers\u00e1til con l\u00edneas limpias este 3 lt. el montaje semiempotrado presenta un acabado de lat\u00f3n antiguo con una pantalla trasera dura de lino blanco roto con un difusor central de vidrio esmerilado. Enchufes Edison de 3-100 vatios m\u00e1x. &nbsp; Dimensiones: 11 H X 21 Dia. (in) Peso: 16<\/p>\n","protected":false},"featured_media":5344,"template":"","meta":[],"product_cat":[93],"product_tag":[],"brands":[{"id":101,"name":"Uttermost","slug":"uttermost"}],"_links":{"self":[{"href":"https:\/\/avivakende.com\/es_mx\/wp-json\/wp\/v2\/product\/5343"}],"collection":[{"href":"https:\/\/avivakende.com\/es_mx\/wp-json\/wp\/v2\/product"}],"about":[{"href":"https:\/\/avivakende.com\/es_mx\/wp-json\/wp\/v2\/types\/product"}],"wp:featuredmedia":[{"embeddable":true,"href":"https:\/\/avivakende.com\/es_mx\/wp-json\/wp\/v2\/media\/5344"}],"wp:attachment":[{"href":"https:\/\/avivakende.com\/es_mx\/wp-json\/wp\/v2\/media?parent=5343"}],"wp:term":[{"taxonomy":"product_cat","embeddable":true,"href":"https:\/\/avivakende.com\/es_mx\/wp-json\/wp\/v2\/product_cat?post=5343"},{"taxonomy":"product_tag","embeddable":true,"href":"https:\/\/avivakende.com\/es_mx\/wp-json\/wp\/v2\/product_tag?post=5343"}],"curies":[{"name":"wp","href":"https:\/\/api.w.org\/{rel}","templated":true}]}}