{"id":5338,"date":"2022-11-23T18:11:12","date_gmt":"2022-11-23T18:11:12","guid":{"rendered":"http:\/\/localhost\/AvivaKende\/?post_type=product&#038;p=5338"},"modified":"2022-12-01T20:44:47","modified_gmt":"2022-12-01T20:44:47","slug":"maxin-9-lt-chandelier","status":"publish","type":"product","link":"https:\/\/avivakende.com\/es_mx\/product\/maxin-9-lt-chandelier\/","title":{"rendered":"Maxin, 9 Lt Chandelier"},"content":{"rendered":"<p>Anillos de bronce oscuro martillado con un sutil interior dorado. Inspirado en el dise\u00f1o moderno de mediados de siglo, cada anillo tiene dos \u00f3valos de vidrio en espiral blanco y transparente de inspiraci\u00f3n artesanal hechos a mano. Incluye enchufes G9 de 9-40 vatios m\u00e1x. Se suministra con cable de 15&#8242;, v\u00e1stagos de 3-12&#8243; y v\u00e1stagos de 1-6&#8243; para una instalaci\u00f3n ajustable.<\/p>\n<p>&nbsp;<\/p>\n<table>\n<tbody>\n<tr>\n<td><strong>Dimensiones:<\/strong><\/td>\n<td>30 H X 30 Dia. (in)<\/td>\n<\/tr>\n<tr>\n<td><strong>Peso:<\/strong><\/td>\n<td>47 lb<\/td>\n<\/tr>\n<\/tbody>\n<\/table>\n","protected":false},"excerpt":{"rendered":"<p>Anillos de bronce oscuro martillado con un sutil interior dorado. Inspirado en el dise\u00f1o moderno de mediados de siglo, cada anillo tiene dos \u00f3valos de vidrio en espiral blanco y transparente de inspiraci\u00f3n artesanal hechos a mano. Incluye enchufes G9 de 9-40 vatios m\u00e1x. Se suministra con cable de 15&#8242;, v\u00e1stagos de 3-12&#8243; y v\u00e1stagos [&hellip;]<\/p>\n","protected":false},"featured_media":5339,"template":"","meta":[],"product_cat":[93],"product_tag":[],"brands":[{"id":101,"name":"Uttermost","slug":"uttermost"}],"_links":{"self":[{"href":"https:\/\/avivakende.com\/es_mx\/wp-json\/wp\/v2\/product\/5338"}],"collection":[{"href":"https:\/\/avivakende.com\/es_mx\/wp-json\/wp\/v2\/product"}],"about":[{"href":"https:\/\/avivakende.com\/es_mx\/wp-json\/wp\/v2\/types\/product"}],"wp:featuredmedia":[{"embeddable":true,"href":"https:\/\/avivakende.com\/es_mx\/wp-json\/wp\/v2\/media\/5339"}],"wp:attachment":[{"href":"https:\/\/avivakende.com\/es_mx\/wp-json\/wp\/v2\/media?parent=5338"}],"wp:term":[{"taxonomy":"product_cat","embeddable":true,"href":"https:\/\/avivakende.com\/es_mx\/wp-json\/wp\/v2\/product_cat?post=5338"},{"taxonomy":"product_tag","embeddable":true,"href":"https:\/\/avivakende.com\/es_mx\/wp-json\/wp\/v2\/product_tag?post=5338"}],"curies":[{"name":"wp","href":"https:\/\/api.w.org\/{rel}","templated":true}]}}