{"id":5328,"date":"2022-11-23T17:57:35","date_gmt":"2022-11-23T17:57:35","guid":{"rendered":"http:\/\/localhost\/AvivaKende\/?post_type=product&#038;p=5328"},"modified":"2022-12-01T20:51:36","modified_gmt":"2022-12-01T20:51:36","slug":"crista-table-lamp","status":"publish","type":"product","link":"https:\/\/avivakende.com\/es_mx\/product\/crista-table-lamp\/","title":{"rendered":"Crista Table Lamp"},"content":{"rendered":"<p>Esta elegante l\u00e1mpara presenta una columna de cristal de corte c\u00f3nico, exhibida con una esfera de cristal grueso, creando un dise\u00f1o atemporal que se combina con detalles enchapados en n\u00edquel envejecido cepillado para un atractivo actualizado. La pantalla redonda del tambor de tapa dura es una tela de lino blanco.<\/p>\n<p>&nbsp;<\/p>\n<table>\n<tbody>\n<tr>\n<td><strong>Dimensiones:<\/strong><\/td>\n<td>39H, sombra 10H x 17 de di\u00e1metro. (in)<\/td>\n<\/tr>\n<tr>\n<td><strong>Peso:<\/strong><\/td>\n<td>30<\/td>\n<\/tr>\n<\/tbody>\n<\/table>\n","protected":false},"excerpt":{"rendered":"<p>Esta elegante l\u00e1mpara presenta una columna de cristal de corte c\u00f3nico, exhibida con una esfera de cristal grueso, creando un dise\u00f1o atemporal que se combina con detalles enchapados en n\u00edquel envejecido cepillado para un atractivo actualizado. La pantalla redonda del tambor de tapa dura es una tela de lino blanco. &nbsp; Dimensiones: 39H, sombra 10H [&hellip;]<\/p>\n","protected":false},"featured_media":5329,"template":"","meta":[],"product_cat":[93],"product_tag":[],"brands":[{"id":101,"name":"Uttermost","slug":"uttermost"}],"_links":{"self":[{"href":"https:\/\/avivakende.com\/es_mx\/wp-json\/wp\/v2\/product\/5328"}],"collection":[{"href":"https:\/\/avivakende.com\/es_mx\/wp-json\/wp\/v2\/product"}],"about":[{"href":"https:\/\/avivakende.com\/es_mx\/wp-json\/wp\/v2\/types\/product"}],"wp:featuredmedia":[{"embeddable":true,"href":"https:\/\/avivakende.com\/es_mx\/wp-json\/wp\/v2\/media\/5329"}],"wp:attachment":[{"href":"https:\/\/avivakende.com\/es_mx\/wp-json\/wp\/v2\/media?parent=5328"}],"wp:term":[{"taxonomy":"product_cat","embeddable":true,"href":"https:\/\/avivakende.com\/es_mx\/wp-json\/wp\/v2\/product_cat?post=5328"},{"taxonomy":"product_tag","embeddable":true,"href":"https:\/\/avivakende.com\/es_mx\/wp-json\/wp\/v2\/product_tag?post=5328"}],"curies":[{"name":"wp","href":"https:\/\/api.w.org\/{rel}","templated":true}]}}