{"id":5323,"date":"2022-11-23T17:49:50","date_gmt":"2022-11-23T17:49:50","guid":{"rendered":"http:\/\/localhost\/AvivaKende\/?post_type=product&#038;p=5323"},"modified":"2022-12-01T18:46:21","modified_gmt":"2022-12-01T18:46:21","slug":"jarsdel-1-lt-mini-pendant","status":"publish","type":"product","link":"https:\/\/avivakende.com\/es_mx\/product\/jarsdel-1-lt-mini-pendant\/","title":{"rendered":"Jarsdel, 1 Lt Mini Pendant"},"content":{"rendered":"<p>Refinado industrial con l\u00edneas limpias en nuestro mini colgante de 1 Lt. cuenta con un acabado negro lijado en el marco de estilo I-beam con refinados detalles en lat\u00f3n antiguo y pantalla transparente de vidrio de lluvia de meteoritos. Incluye enchufe Edison de 1-60 vatios m\u00e1x. Suministrado con cable de 12&#8242; y cadena de 5&#8242; para instalaci\u00f3n ajustable.<br \/>\n&nbsp;<\/p>\n<table>\n<tbody>\n<tr>\n<td><strong>Dimensiones:<\/strong><\/td>\n<td>23 H X 5 Dia. (in)<\/td>\n<\/tr>\n<tr>\n<td><strong>Peso:<\/strong><\/td>\n<td>8 lb<\/td>\n<\/tr>\n<\/tbody>\n<\/table>\n","protected":false},"excerpt":{"rendered":"<p>Refinado industrial con l\u00edneas limpias en nuestro mini colgante de 1 Lt. cuenta con un acabado negro lijado en el marco de estilo I-beam con refinados detalles en lat\u00f3n antiguo y pantalla transparente de vidrio de lluvia de meteoritos. Incluye enchufe Edison de 1-60 vatios m\u00e1x. Suministrado con cable de 12&#8242; y cadena de 5&#8242; [&hellip;]<\/p>\n","protected":false},"featured_media":5324,"template":"","meta":[],"product_cat":[93],"product_tag":[],"brands":[{"id":101,"name":"Uttermost","slug":"uttermost"}],"_links":{"self":[{"href":"https:\/\/avivakende.com\/es_mx\/wp-json\/wp\/v2\/product\/5323"}],"collection":[{"href":"https:\/\/avivakende.com\/es_mx\/wp-json\/wp\/v2\/product"}],"about":[{"href":"https:\/\/avivakende.com\/es_mx\/wp-json\/wp\/v2\/types\/product"}],"wp:featuredmedia":[{"embeddable":true,"href":"https:\/\/avivakende.com\/es_mx\/wp-json\/wp\/v2\/media\/5324"}],"wp:attachment":[{"href":"https:\/\/avivakende.com\/es_mx\/wp-json\/wp\/v2\/media?parent=5323"}],"wp:term":[{"taxonomy":"product_cat","embeddable":true,"href":"https:\/\/avivakende.com\/es_mx\/wp-json\/wp\/v2\/product_cat?post=5323"},{"taxonomy":"product_tag","embeddable":true,"href":"https:\/\/avivakende.com\/es_mx\/wp-json\/wp\/v2\/product_tag?post=5323"}],"curies":[{"name":"wp","href":"https:\/\/api.w.org\/{rel}","templated":true}]}}