{"id":5250,"date":"2022-11-08T21:55:27","date_gmt":"2022-11-08T21:55:27","guid":{"rendered":"http:\/\/localhost\/AvivaKende\/?post_type=product&#038;p=5250"},"modified":"2022-12-01T18:39:46","modified_gmt":"2022-12-01T18:39:46","slug":"kamdyn-candleholders-brass-s-4","status":"publish","type":"product","link":"https:\/\/avivakende.com\/es_mx\/product\/kamdyn-candleholders-brass-s-4\/","title":{"rendered":"Kamdyn Candleholders \u2013 Brass, S\/4"},"content":{"rendered":"<div class=\"page\" title=\"Page 1\">\n<div class=\"layoutArea\">\n<div class=\"column\">\n<p>Colecci\u00f3n de cuatro portavelas de columna de altura escalonada con acabado en lat\u00f3n c\u00e1lido con cuatro velas blancas envejecidas de 4&#8243;x 3&#8243;. Tama\u00f1os: Chico-5x6x5, Mediano-5x9x5, Grande-5x13x5, Extra grande-5x17x5<\/p>\n<table>\n<tr>\n<td><strong>Dimensiones:<\/strong><\/td>\n<td>5 W X 17 H X 5 D (in)<\/td>\n<\/tr>\n<tr>\n<td><strong>Peso:<\/strong><\/td>\n<td>13<\/td>\n<\/tr>\n<\/table>\n<\/div>\n<\/div>\n<\/div>\n","protected":false},"excerpt":{"rendered":"<p>Colecci\u00f3n de cuatro portavelas de columna de altura escalonada con acabado en lat\u00f3n c\u00e1lido con cuatro velas blancas envejecidas de 4&#8243;x 3&#8243;. Tama\u00f1os: Chico-5x6x5, Mediano-5x9x5, Grande-5x13x5, Extra grande-5x17x5 Dimensiones: 5 W X 17 H X 5 D (in) Peso: 13<\/p>\n","protected":false},"featured_media":5251,"template":"","meta":[],"product_cat":[92],"product_tag":[],"brands":[{"id":102,"name":"Revelation","slug":"revelation"}],"_links":{"self":[{"href":"https:\/\/avivakende.com\/es_mx\/wp-json\/wp\/v2\/product\/5250"}],"collection":[{"href":"https:\/\/avivakende.com\/es_mx\/wp-json\/wp\/v2\/product"}],"about":[{"href":"https:\/\/avivakende.com\/es_mx\/wp-json\/wp\/v2\/types\/product"}],"wp:featuredmedia":[{"embeddable":true,"href":"https:\/\/avivakende.com\/es_mx\/wp-json\/wp\/v2\/media\/5251"}],"wp:attachment":[{"href":"https:\/\/avivakende.com\/es_mx\/wp-json\/wp\/v2\/media?parent=5250"}],"wp:term":[{"taxonomy":"product_cat","embeddable":true,"href":"https:\/\/avivakende.com\/es_mx\/wp-json\/wp\/v2\/product_cat?post=5250"},{"taxonomy":"product_tag","embeddable":true,"href":"https:\/\/avivakende.com\/es_mx\/wp-json\/wp\/v2\/product_tag?post=5250"}],"curies":[{"name":"wp","href":"https:\/\/api.w.org\/{rel}","templated":true}]}}