{"id":5244,"date":"2022-11-08T21:51:54","date_gmt":"2022-11-08T21:51:54","guid":{"rendered":"http:\/\/localhost\/AvivaKende\/?post_type=product&#038;p=5244"},"modified":"2022-12-01T18:34:26","modified_gmt":"2022-12-01T18:34:26","slug":"elevated-tray-plateau-white-marble-small","status":"publish","type":"product","link":"https:\/\/avivakende.com\/es_mx\/product\/elevated-tray-plateau-white-marble-small\/","title":{"rendered":"Elevated Tray\/Plateau \u2013 White Marble Small"},"content":{"rendered":"<div class=\"page\" title=\"Page 1\">\n<div class=\"section\">\n<div class=\"layoutArea\">\n<div class=\"column\">\n<p>El m\u00e1rmol blanco limpio est\u00e1 suspendido entre cuatro esquinas de metal con un acabado de lat\u00f3n rico. Los bordes redondeados se sienten pulcros y elegantes, dando una sensaci\u00f3n de arte moderno. Crear exhibiciones de sus objetos favoritos u organizar especias y aceites en una ubicaci\u00f3n centralizada son solo algunos de sus muchos usos. Debido a las caracter\u00edsticas porosas de esta piedra natural, se deben evitar elementos \u00e1cidos y la humedad constante.<\/p>\n<table>\n<tr>\n<td><strong>Dimensiones:<\/strong><\/td>\n<td>17 W X 2 H X 11 D (in)<\/td>\n<\/tr>\n<tr>\n<td><strong>Peso:<\/strong><\/td>\n<td>16<\/td>\n<\/tr>\n<\/table>\n<\/div>\n<\/div>\n<\/div>\n<\/div>\n","protected":false},"excerpt":{"rendered":"<p>El m\u00e1rmol blanco limpio est\u00e1 suspendido entre cuatro esquinas de metal con un acabado de lat\u00f3n rico. Los bordes redondeados se sienten pulcros y elegantes, dando una sensaci\u00f3n de arte moderno. Crear exhibiciones de sus objetos favoritos u organizar especias y aceites en una ubicaci\u00f3n centralizada son solo algunos de sus muchos usos. Debido a [&hellip;]<\/p>\n","protected":false},"featured_media":5245,"template":"","meta":[],"product_cat":[92],"product_tag":[],"brands":[{"id":102,"name":"Revelation","slug":"revelation"}],"_links":{"self":[{"href":"https:\/\/avivakende.com\/es_mx\/wp-json\/wp\/v2\/product\/5244"}],"collection":[{"href":"https:\/\/avivakende.com\/es_mx\/wp-json\/wp\/v2\/product"}],"about":[{"href":"https:\/\/avivakende.com\/es_mx\/wp-json\/wp\/v2\/types\/product"}],"wp:featuredmedia":[{"embeddable":true,"href":"https:\/\/avivakende.com\/es_mx\/wp-json\/wp\/v2\/media\/5245"}],"wp:attachment":[{"href":"https:\/\/avivakende.com\/es_mx\/wp-json\/wp\/v2\/media?parent=5244"}],"wp:term":[{"taxonomy":"product_cat","embeddable":true,"href":"https:\/\/avivakende.com\/es_mx\/wp-json\/wp\/v2\/product_cat?post=5244"},{"taxonomy":"product_tag","embeddable":true,"href":"https:\/\/avivakende.com\/es_mx\/wp-json\/wp\/v2\/product_tag?post=5244"}],"curies":[{"name":"wp","href":"https:\/\/api.w.org\/{rel}","templated":true}]}}