{"id":5233,"date":"2022-11-08T21:43:07","date_gmt":"2022-11-08T21:43:07","guid":{"rendered":"http:\/\/localhost\/AvivaKende\/?post_type=product&#038;p=5233"},"modified":"2022-12-01T18:28:33","modified_gmt":"2022-12-01T18:28:33","slug":"twos-company-sculpture","status":"publish","type":"product","link":"https:\/\/avivakende.com\/es_mx\/product\/twos-company-sculpture\/","title":{"rendered":"Two\u2019s Company Sculpture"},"content":{"rendered":"<div class=\"page\" title=\"Page 1\">\n<div class=\"layoutArea\">\n<div class=\"column\">\n<p>La escultura de hierro fundido s\u00f3lido presenta detalles moldeados intrincados en un acabado de lat\u00f3n antiguo aplicado a mano y bronce oscuro r\u00fastico.<\/p>\n<table>\n<tr>\n<td><strong>Dimensiones:<\/strong><\/td>\n<td>5W x 20h x 4d (in)<\/td>\n<\/tr>\n<tr>\n<td><strong>Peso:<\/strong><\/td>\n<td>9<\/td>\n<\/tr>\n<\/table>\n<\/div>\n<\/div>\n<\/div>\n","protected":false},"excerpt":{"rendered":"<p>La escultura de hierro fundido s\u00f3lido presenta detalles moldeados intrincados en un acabado de lat\u00f3n antiguo aplicado a mano y bronce oscuro r\u00fastico. Dimensiones: 5W x 20h x 4d (in) Peso: 9<\/p>\n","protected":false},"featured_media":5234,"template":"","meta":[],"product_cat":[92],"product_tag":[],"brands":[{"id":101,"name":"Uttermost","slug":"uttermost"}],"_links":{"self":[{"href":"https:\/\/avivakende.com\/es_mx\/wp-json\/wp\/v2\/product\/5233"}],"collection":[{"href":"https:\/\/avivakende.com\/es_mx\/wp-json\/wp\/v2\/product"}],"about":[{"href":"https:\/\/avivakende.com\/es_mx\/wp-json\/wp\/v2\/types\/product"}],"wp:featuredmedia":[{"embeddable":true,"href":"https:\/\/avivakende.com\/es_mx\/wp-json\/wp\/v2\/media\/5234"}],"wp:attachment":[{"href":"https:\/\/avivakende.com\/es_mx\/wp-json\/wp\/v2\/media?parent=5233"}],"wp:term":[{"taxonomy":"product_cat","embeddable":true,"href":"https:\/\/avivakende.com\/es_mx\/wp-json\/wp\/v2\/product_cat?post=5233"},{"taxonomy":"product_tag","embeddable":true,"href":"https:\/\/avivakende.com\/es_mx\/wp-json\/wp\/v2\/product_tag?post=5233"}],"curies":[{"name":"wp","href":"https:\/\/api.w.org\/{rel}","templated":true}]}}