{"id":5750,"date":"2022-11-26T00:44:18","date_gmt":"2022-11-26T00:44:18","guid":{"rendered":"http:\/\/localhost\/AvivaKende\/?page_id=5750"},"modified":"2022-11-28T18:29:32","modified_gmt":"2022-11-28T18:29:32","slug":"aviso-de-privacidad","status":"publish","type":"page","link":"https:\/\/avivakende.com\/es_mx\/aviso-de-privacidad\/","title":{"rendered":"Aviso de privacidad"},"content":{"rendered":"\n<h3 class=\"has-text-align-left\">Aviso de privacidad<\/h3>\n\n\n\n<p>AVIVA KENDE, desde ahora \u201cAVIVA\u201d respeta su privacidad y estamos comprometidos a protegerla mediante nuestro cumplimiento de esta pol\u00edtica.<br><\/p>\n\n\n\n<p>Esta pol\u00edtica describe los tipos de informaci\u00f3n que podemos recopilar de usted o que puede proporcionar cuando visita el sitio web <a href=\"http:\/\/www.avivakende.com\">www.avivakende.com<\/a> y utiliza nuestra aplicaci\u00f3n y nuestras pr\u00e1cticas para recopilar, usar, mantener, proteger y divulgar esa informaci\u00f3n.<br><\/p>\n\n\n\n<p>Esta pol\u00edtica se aplica a la informaci\u00f3n que recopilamos:<br><\/p>\n\n\n\n<p>\u2022 En este sitio web.<br>\u2022 En correo electr\u00f3nico, texto y otros mensajes electr\u00f3nicos entre usted y este sitio web.<br>\u2022 A trav\u00e9s de aplicaciones m\u00f3viles y de escritorio.<br>\u2022 Cuando interact\u00faa con nuestra publicidad y aplicaciones en sitios web y servicios de terceros, si esas aplicaciones o publicidad incluyen enlaces a esta pol\u00edtica.<\/p>\n\n\n\n<p><br>No se aplica a la informaci\u00f3n recopilada:<\/p>\n\n\n\n<p><br>\u2022 Por nosotros fuera de l\u00ednea o por cualquier otro medio, como otros sitios web operados por AVIVA o por nuestros distribuidores o cualquier otro tercero; o<br>\u2022 Por nuestros distribuidores o cualquier otro tercero, ya sea directamente o a trav\u00e9s de cualquier aplicaci\u00f3n o contenido (incluida la publicidad) que pueda vincularse o ser accesible desde o en el sitio web.<\/p>\n\n\n\n<p><br>Lea esta pol\u00edtica detenidamente para comprender nuestras pol\u00edticas y pr\u00e1cticas con respecto a su informaci\u00f3n y c\u00f3mo la trataremos. Si no est\u00e1 de acuerdo con nuestras pol\u00edticas y pr\u00e1cticas, su elecci\u00f3n es no utilizar nuestro sitio web. Al acceder o utilizar este sitio web, acepta esta pol\u00edtica de privacidad. Esta pol\u00edtica puede estar en constante cambio (consulte Cambios en nuestra Pol\u00edtica de privacidad). Su uso continuado de este sitio web y la aplicaci\u00f3n despu\u00e9s de que hagamos cambios se considera que acepta esos cambios, por lo tanto, consulte la pol\u00edtica peri\u00f3dicamente para obtener actualizaciones.<\/p>\n\n\n\n<p><\/p>\n\n\n\n<h5>NI\u00d1OS MENORES DE 18 A\u00d1OS<\/h5>\n\n\n\n<p><br>Nuestro sitio web y nuestra aplicaci\u00f3n no est\u00e1n destinados a ni\u00f1os menores de 18 a\u00f1os. Nadie menor de 18 a\u00f1os puede proporcionar informaci\u00f3n en el sitio web o la aplicaci\u00f3n. No recopilamos a sabiendas informaci\u00f3n personal de ni\u00f1os menores de 18 a\u00f1os. Si es menor de 18 a\u00f1os, no cree una cuenta de registro de correo electr\u00f3nico ni proporcione informaci\u00f3n en este sitio web o en cualquiera de sus funciones, ni realice compras a trav\u00e9s del sitio web o aplicaci\u00f3n, use cualquiera de las funciones interactivas o de comentarios p\u00fablicos de este sitio web o aplicaci\u00f3n y br\u00edndenos cualquier informaci\u00f3n sobre usted, incluido su nombre, direcci\u00f3n, n\u00famero de tel\u00e9fono, direcci\u00f3n de correo electr\u00f3nico o<br>cualquier nombre de pantalla o nombre de usuario que pueda usar. Si nos enteramos de que hemos recopilado o recibido informaci\u00f3n personal de un ni\u00f1o menor de 18 a\u00f1os sin verificaci\u00f3n del consentimiento de los padres, eliminaremos esa informaci\u00f3n. Si cree que podr\u00edamos tener informaci\u00f3n de o sobre un ni\u00f1o menor de 18 a\u00f1os, comun\u00edquese con nosotros a <a rel=\"noreferrer noopener\" href=\"mailto:aviva@kendeinternational.com\" target=\"_blank\">aviva@kendeinternational.com<\/a>.<br><\/p>\n\n\n\n<h5>INFORMACI\u00d3N QUE RECOPILAMOS Y C\u00d3MO LA RECOPILAMOS<\/h5>\n\n\n\n<p><br>Recopilamos varios tipos de informaci\u00f3n de y sobre los usuarios de nuestro sitio web, incluida informaci\u00f3n:<br>\u2022 Mediante el cual puede ser identificado personalmente, como nombre y apellido, correo electr\u00f3nico y n\u00famero de tel\u00e9fono (&#8220;informaci\u00f3n personal&#8221;);<br>\u2022 Se trata de usted, pero no lo identifica individualmente, como intereses y preferencias de productos; y<br>\u2022 Acerca de su conexi\u00f3n a Internet, el equipo que utiliza para acceder a nuestro sitio web y los detalles de uso.<\/p>\n\n\n\n<p><br>Recopilamos esta informaci\u00f3n:<br>\u2022 Directamente de usted cuando nos lo proporcione.<br>\u2022 Autom\u00e1ticamente mientras navega por el sitio. La informaci\u00f3n recopilada autom\u00e1ticamente puede incluir detalles de uso, direcciones IP e informaci\u00f3n recopilada a trav\u00e9s de cookies, web beacons y otras tecnolog\u00edas de seguimiento.<\/p>\n\n\n\n<p><br>Informaci\u00f3n que nos proporciona. La informaci\u00f3n que recopilamos puede incluir:<br>\u2022 Informaci\u00f3n que proporciona al completar formularios. Esto incluye la informaci\u00f3n que proporciona si crea una cuenta al registrarse para recibir correo electr\u00f3nico. Tambi\u00e9n podemos pedirle informaci\u00f3n cuando ingrese a un concurso o promoci\u00f3n patrocinada por nosotros, y cuando informe un problema con nuestro sitio web o aplicaci\u00f3n.<br>\u2022 Registros y copias de su correspondencia (incluidas las direcciones de correo electr\u00f3nico), si se comunica con nosotros.<br>\u2022 Sus respuestas a las encuestas que podr\u00edamos pedirle que complete con fines de investigaci\u00f3n.<br><\/p>\n\n\n\n<p>Detalles de uso, direcciones IP, cookies y otras tecnolog\u00edas A medida que navega e interact\u00faa con<br>nuestro sitio web, podemos recopilar autom\u00e1ticamente cierta informaci\u00f3n sobre su equipo, acciones y<br>patrones de navegaci\u00f3n, que incluyen:<\/p>\n\n\n\n<p><br>\u2022 Detalles de sus visitas a nuestro sitio web o aplicaci\u00f3n, incluidos datos de tr\u00e1fico, registros y otros datos de comunicaci\u00f3n y los recursos a los que accede y utiliza en el sitio web o la aplicaci\u00f3n.<br>\u2022 Informaci\u00f3n sobre su computadora y conexi\u00f3n a Internet, incluida su direcci\u00f3n IP, sistema operativo y tipo de navegador.<\/p>\n\n\n\n<p><br>La informaci\u00f3n que recopilamos autom\u00e1ticamente son datos estad\u00edsticos y no identifica a ninguna persona. Nos ayuda a mejorar nuestro sitio web o aplicaci\u00f3n y a brindar un servicio mejor y m\u00e1s personalizado al permitirnos:<br>\u2022 Estimar el tama\u00f1o de nuestra audiencia y los patrones de uso.<br>\u2022 Almacenar informaci\u00f3n sobre sus preferencias, lo que nos permite personalizar nuestro sitio web de acuerdo con sus intereses individuales.<br>\u2022 Acelere sus b\u00fasquedas.<br>\u2022 Reconocerlo cuando regrese a nuestro sitio web.<\/p>\n\n\n\n<p><br>Las tecnolog\u00edas que utilizamos para esta recopilaci\u00f3n autom\u00e1tica de datos pueden incluir:<br>\u2022 Cookies (o cookies del navegador). Una cookie es un peque\u00f1o archivo que se coloca en el disco duro de su computadora. Puede negarse a aceptar las cookies del navegador activando la configuraci\u00f3n adecuada en su navegador. Sin embargo, si selecciona esta configuraci\u00f3n, es<br>posible que no pueda acceder a ciertas partes de nuestro sitio web. A menos que haya ajustado la configuraci\u00f3n de su navegador para que rechace las cookies, nuestro sistema emitir\u00e1 cookies cuando dirija su navegador a nuestro sitio web.<br>\u2022 Cookies Flash. Ciertas funciones de nuestro sitio web pueden utilizar objetos almacenados localmente (o cookies Flash) para recopilar y almacenar informaci\u00f3n sobre sus preferencias y navegaci\u00f3n hacia, desde y en nuestro sitio web. Las cookies flash no se administran con la misma configuraci\u00f3n del navegador que se utilizan para las cookies del navegador. Para obtener informaci\u00f3n sobre c\u00f3mo administrar su configuraci\u00f3n de privacidad y seguridad para las cookies Flash, consulte Opciones sobre c\u00f3mo usamos y divulgamos su informaci\u00f3n a continuaci\u00f3n.<br>\u2022 Web Beacons. Las p\u00e1ginas de nuestro sitio web y nuestros correos electr\u00f3nicos pueden contener peque\u00f1os archivos electr\u00f3nicos conocidos como web beacons (tambi\u00e9n conocidos como gifs transparentes, etiquetas de p\u00edxeles y gifs de un solo p\u00edxel) que permiten a Couple, por ejemplo, contar los usuarios que los han visitado. p\u00e1ginas o abri\u00f3 un correo electr\u00f3nico y para otras estad\u00edsticas del sitio web relacionadas (por ejemplo, registrar la popularidad de cierto contenido del sitio web y verificar la integridad del sistema y del servidor).<\/p>\n\n\n\n<p><\/p>\n\n\n\n<p>No recopilamos informaci\u00f3n personal autom\u00e1ticamente, pero podemos vincular esta informaci\u00f3n a informaci\u00f3n personal sobre usted que recopilamos de otras fuentes o que usted nos proporciona.<\/p>\n\n\n\n<h5>C\u00d3MO USAMOS SU INFORMACI\u00d3N<\/h5>\n\n\n\n<p><br>Usamos la informaci\u00f3n que recopilamos sobre usted o que nos proporciona, incluida cualquier<br>informaci\u00f3n personal:<br>\u2022 Presentarle nuestro sitio web o aplicaci\u00f3n y su contenido.<br>\u2022 Para brindarle informaci\u00f3n, productos o servicios que nos solicite.<br>\u2022 Para cumplir con cualquier otro fin para el que lo facilite.<br>\u2022 Para cumplir con nuestras obligaciones y hacer valer nuestros derechos derivados de los contratos celebrados entre usted y nosotros, incluidos los de facturaci\u00f3n y cobro.<br>\u2022 Para notificarle sobre cambios en nuestro sitio web o cualquier producto o servicio que ofrecemos o proporcionamos a trav\u00e9s de \u00e9l.<br>\u2022 Para permitirle participar en funciones interactivas en nuestro sitio web.<br>\u2022 De cualquier otra forma que podamos describir cuando proporcione la informaci\u00f3n.<br>\u2022 Para cualquier otro prop\u00f3sito con su consentimiento.<\/p>\n\n\n\n<p><br>Podemos utilizar la informaci\u00f3n que hemos recopilado de usted para permitirnos mostrar anuncios a las audiencias objetivo de nuestros anunciantes. Aunque no divulgamos su informaci\u00f3n personal para estos fines sin su consentimiento, si hace clic en un anuncio o interact\u00faa con \u00e9l, el anunciante puede asumir que cumple con los criterios de destino.<\/p>\n\n\n\n<h5>DIVULGACI\u00d3N DE SU INFORMACI\u00d3N<\/h5>\n\n\n\n<p><br>Podemos divulgar informaci\u00f3n agregada sobre nuestros usuarios sin restricci\u00f3n.<br>Podemos divulgar la informaci\u00f3n personal que recopilamos o que usted proporciona como se describe<br>en esta pol\u00edtica de privacidad:<br>\u2022 A nuestros distribuidores.<br>\u2022 Para contratistas, proveedores de servicios y otros terceros que utilizamos para respaldar nuestro negocio y que est\u00e1n obligados por obligaciones contractuales a mantener la confidencialidad de la informaci\u00f3n personal y usarla solo para los fines para los que se la divulgamos.<br>\u2022 A un comprador u otro sucesor en caso de fusi\u00f3n, enajenaci\u00f3n, reestructuraci\u00f3n, reorganizaci\u00f3n, disoluci\u00f3n u otra venta o transferencia de algunos o todos los activos de AVIVA, ya sea como empresa en funcionamiento o como parte de una quiebra, liquidaci\u00f3n o similar. Procedimiento, en el que la informaci\u00f3n personal en poder de AVIVA sobre los usuarios de nuestro sitio web se encuentra entre los activos transferidos.<br>\u2022 Para cualquier otro prop\u00f3sito revelado por nosotros cuando proporcione la informaci\u00f3n.<br>\u2022 Con su consentimiento.<\/p>\n\n\n\n<p><br>Tambi\u00e9n podemos divulgar su informaci\u00f3n personal:<br>\u2022 Para cumplir con cualquier orden judicial, ley o proceso legal, incluso para responder a cualquier solicitud gubernamental o reglamentaria.<br>\u2022 Para hacer cumplir o aplicar nuestros t\u00e9rminos de servicio o t\u00e9rminos de env\u00edo y otros acuerdos, incluso para fines de entrega, facturaci\u00f3n y cobranza.<br>\u2022 Si creemos que la divulgaci\u00f3n es necesaria o apropiada para proteger los derechos, la propiedad o la seguridad de AVIVA, nuestros clientes u otros. Esto incluye el intercambio de informaci\u00f3n con otras empresas y organizaciones con el fin de proteger contra el fraude y reducir el riesgo de cr\u00e9dito.<br><\/p>\n\n\n\n<h5>OPCIONES SOBRE C\u00d3MO USAMOS Y DIVULGAMOS SU INFORMACI\u00d3N<\/h5>\n\n\n\n<p><br>Nos esforzamos por ofrecerle opciones con respecto a la informaci\u00f3n personal que nos proporciona.<br><\/p>\n\n\n\n<p>Hemos creado mecanismos para brindarle el siguiente control sobre su informaci\u00f3n:<br>\u2022 Tecnolog\u00edas de seguimiento y publicidad. Puede configurar su navegador para rechazar todas o algunas cookies del navegador, o para que le avise cuando se env\u00eden cookies. Para saber c\u00f3mo puede administrar su configuraci\u00f3n de cookies Flash, visite la p\u00e1gina de configuraci\u00f3n del reproductor Flash en el sitio web de Adobe. Si deshabilita o rechaza las cookies, tenga en cuenta que algunas partes de este sitio pueden ser inaccesibles o no funcionar correctamente.<br>\u2022 Ofertas promocionales de AVIVA. Si no desea que AVIVA utilice su direcci\u00f3n de correo electr\u00f3nico para promocionar productos o servicios, puede optar por no participar siguiendo las instrucciones para cancelar la suscripci\u00f3n cuando reciba un correo electr\u00f3nico nuestro.<br><\/p>\n\n\n\n<p>No controlamos la recopilaci\u00f3n o el uso de su informaci\u00f3n por parte de terceros para ofrecer publicidad<br>basada en intereses. Sin embargo, estos terceros pueden proporcionarle formas de elegir que su informaci\u00f3n no se recopile o utilice de esta manera. Puede optar por no recibir anuncios dirigidos de miembros de la Network Advertising Initiative (&#8220;NAI&#8221;) en el sitio web de NAI.<\/p>\n\n\n\n<p><\/p>\n\n\n\n<h5>SEGURIDAD DE DATOS<\/h5>\n\n\n\n<p><br>Hemos implementado medidas dise\u00f1adas para proteger su informaci\u00f3n personal contra p\u00e9rdidas accidentales y contra el acceso, uso, alteraci\u00f3n y divulgaci\u00f3n no autorizados. Toda la informaci\u00f3n de identificaci\u00f3n personal que nos proporciona, incluida toda la informaci\u00f3n de compra y pago, se almacena en nuestros servidores seguros detr\u00e1s de cortafuegos y se cifra con la \u00faltima tecnolog\u00eda SSL. La seguridad y protecci\u00f3n de su informaci\u00f3n tambi\u00e9n depende de usted. Cuando le hayamos proporcionado (o donde haya elegido) una contrase\u00f1a para acceder a determinadas partes de nuestro sitio web, usted es responsable de mantener la confidencialidad de esta contrase\u00f1a. Le pedimos que no comparta su contrase\u00f1a con nadie.<\/p>\n\n\n\n<p><br>Desafortunadamente, la transmisi\u00f3n de informaci\u00f3n a trav\u00e9s de Internet no es completamente segura. Aunque hacemos todo lo posible para proteger su informaci\u00f3n personal, no podemos garantizar la seguridad de su informaci\u00f3n personal transmitida a nuestro sitio web. Cualquier transmisi\u00f3n de informaci\u00f3n personal es bajo su propio riesgo. No somos responsables de eludir ninguna configuraci\u00f3n de privacidad o medidas de seguridad contenidas en el sitio web.<\/p>\n\n\n\n<h5>CAMBIOS A NUESTRA POL\u00cdTICA DE PRIVACIDAD<\/h5>\n\n\n\n<p><br>La fecha de la \u00faltima revisi\u00f3n de la pol\u00edtica de privacidad se identifica en la parte superior de la p\u00e1gina y junto al enlace a la pol\u00edtica de privacidad en la p\u00e1gina de inicio del sitio web. Usted es responsable de asegurarse de que tengamos una direcci\u00f3n de correo electr\u00f3nico activa y de entrega actualizada para usted, y de visitar peri\u00f3dicamente nuestro sitio web y esta pol\u00edtica de privacidad para revisar cualquier cambio.<\/p>\n\n\n\n<p><br>Para hacer preguntas o comentar sobre esta pol\u00edtica de privacidad y nuestras pr\u00e1cticas de privacidad, cont\u00e1ctenos en: <a rel=\"noreferrer noopener\" href=\"mailto:aviva@kendeinternational.com\" target=\"_blank\">aviva@kendeinternational.com<\/a><\/p>\n","protected":false},"excerpt":{"rendered":"<p>Aviso de privacidad AVIVA KENDE, desde ahora \u201cAVIVA\u201d respeta su privacidad y estamos comprometidos a protegerla mediante nuestro cumplimiento de esta pol\u00edtica. Esta pol\u00edtica describe los tipos de informaci\u00f3n que podemos recopilar de usted o que puede proporcionar cuando visita el sitio web www.avivakende.com y utiliza nuestra aplicaci\u00f3n y nuestras pr\u00e1cticas para recopilar, usar, mantener, [&hellip;]<\/p>\n","protected":false},"author":1,"featured_media":0,"parent":0,"menu_order":0,"comment_status":"closed","ping_status":"closed","template":"","meta":[],"_links":{"self":[{"href":"https:\/\/avivakende.com\/es_mx\/wp-json\/wp\/v2\/pages\/5750"}],"collection":[{"href":"https:\/\/avivakende.com\/es_mx\/wp-json\/wp\/v2\/pages"}],"about":[{"href":"https:\/\/avivakende.com\/es_mx\/wp-json\/wp\/v2\/types\/page"}],"author":[{"embeddable":true,"href":"https:\/\/avivakende.com\/es_mx\/wp-json\/wp\/v2\/users\/1"}],"replies":[{"embeddable":true,"href":"https:\/\/avivakende.com\/es_mx\/wp-json\/wp\/v2\/comments?post=5750"}],"version-history":[{"count":4,"href":"https:\/\/avivakende.com\/es_mx\/wp-json\/wp\/v2\/pages\/5750\/revisions"}],"predecessor-version":[{"id":5757,"href":"https:\/\/avivakende.com\/es_mx\/wp-json\/wp\/v2\/pages\/5750\/revisions\/5757"}],"wp:attachment":[{"href":"https:\/\/avivakende.com\/es_mx\/wp-json\/wp\/v2\/media?parent=5750"}],"curies":[{"name":"wp","href":"https:\/\/api.w.org\/{rel}","templated":true}]}}