{"id":5740,"date":"2022-11-26T00:18:13","date_gmt":"2022-11-26T00:18:13","guid":{"rendered":"http:\/\/localhost\/AvivaKende\/?post_type=product&#038;p=5740"},"modified":"2022-11-26T00:18:13","modified_gmt":"2022-11-26T00:18:13","slug":"daytona-swivel-chair-and-a-half","status":"publish","type":"product","link":"https:\/\/avivakende.com\/en_us\/product\/daytona-swivel-chair-and-a-half\/","title":{"rendered":"Daytona Swivel Chair-And-A-Half"},"content":{"rendered":"<p>The Daytona Chair-and-a-Half is the perfect addition to our Slope modular seating system. With its\noversized seat, lumbar support pillow (included), comfortable sloped arm construction, and swivel\nbase, everyone will be fighting for this primo spot. Each piece is made in the furniture capital, High\nPoint, NC. Fully upholstered in a unique black and white design exclusive to Revelation, this\nperformance fabric looks like linen velvet, yet resists soiling and stains. Constructed with a solid\nhardwood frame and Trillium filled cushions for ultimate comfort. Seat height is 19\".<\/p>\n<table>\n<tr>\n<td><strong>Dimensions:<\/strong><\/td>\n<td>41 W X 32 H X 38 D (in)<\/td>\n<\/tr>\n<tr>\n<td><strong>Weight:<\/strong><\/td>\n<td>207<\/td>\n<\/tr>\n<\/table>","protected":false},"excerpt":{"rendered":"<p>La silla y media Daytona es el complemento perfecto para nuestro sistema de asientos modulares Slope. Con su asiento de gran tama\u00f1o, la almohada de soporte lumbar (incluida), la c\u00f3moda construcci\u00f3n de brazos inclinados y la base giratoria, todos luchar\u00e1n por este lugar privilegiado. Cada pieza est\u00e1 hecha en la capital del mueble, High Point, [&hellip;]<\/p>","protected":false},"featured_media":5741,"template":"","meta":[],"product_cat":[100],"product_tag":[],"brands":[{"id":102,"name":"Revelation","slug":"revelation"}],"_links":{"self":[{"href":"https:\/\/avivakende.com\/en_us\/wp-json\/wp\/v2\/product\/5740"}],"collection":[{"href":"https:\/\/avivakende.com\/en_us\/wp-json\/wp\/v2\/product"}],"about":[{"href":"https:\/\/avivakende.com\/en_us\/wp-json\/wp\/v2\/types\/product"}],"wp:featuredmedia":[{"embeddable":true,"href":"https:\/\/avivakende.com\/en_us\/wp-json\/wp\/v2\/media\/5741"}],"wp:attachment":[{"href":"https:\/\/avivakende.com\/en_us\/wp-json\/wp\/v2\/media?parent=5740"}],"wp:term":[{"taxonomy":"product_cat","embeddable":true,"href":"https:\/\/avivakende.com\/en_us\/wp-json\/wp\/v2\/product_cat?post=5740"},{"taxonomy":"product_tag","embeddable":true,"href":"https:\/\/avivakende.com\/en_us\/wp-json\/wp\/v2\/product_tag?post=5740"}],"curies":[{"name":"wp","href":"https:\/\/api.w.org\/{rel}","templated":true}]}}