{"id":5730,"date":"2022-11-26T00:09:31","date_gmt":"2022-11-26T00:09:31","guid":{"rendered":"http:\/\/localhost\/AvivaKende\/?post_type=product&#038;p=5730"},"modified":"2022-11-26T00:09:31","modified_gmt":"2022-11-26T00:09:31","slug":"living-room-melange-corrina-martini-table","status":"publish","type":"product","link":"https:\/\/avivakende.com\/en_us\/product\/living-room-melange-corrina-martini-table\/","title":{"rendered":"Living Room Melange Corrina Martini Table"},"content":{"rendered":"<p>Add a sparkle of timeless Art Deco style to any living space with the Me\u0301lange Corrina Martini Table, blending a gold-leaf metal fretwork base with a White Onyx Parquet top for an airy and uplifting look. The compact 12 x 12 footprint makes this a versatile piece for any living space. Come closer to Melange, and you will discover something unexpected. An eclectic blending of colors, textures, and materials in a vibrant collection of one-of-a-kind artistic pieces, Melange is meant to inspire you and fuel an experience of self discovery, inspiring a renaissance in your home. Each piece of Melange has its own story. The designs are versatile and timeless, easily transcending from one life stage to the next, from home to home and generation to generation.<\/p>\n<table>\n<tr>\n<td><strong>Width:<\/strong><\/td>\n<td>12&#8243; (30.5 cm)<\/td>\n<\/tr>\n<tr>\n<td><strong>Depth:<\/strong><\/td>\n<td>12&#8243; (30.5 cm)<\/td>\n<\/tr>\n<tr>\n<td><strong>Height:<\/strong><\/td>\n<td>22&#8243; (55.9 cm)<\/td>\n<\/tr>\n<tr>\n<td><strong>Weight:<\/strong><\/td>\n<td>12 lb (5.4 kg)<\/td>\n<\/tr>\n<tr>\n<td><strong>Volume:<\/strong><\/td>\n<td>3.41 cu ft (0.1 m3)<\/td>\n<\/tr>\n<\/table>","protected":false},"excerpt":{"rendered":"<p>Agregue un brillo de estilo Art Deco atemporal a cualquier espacio con la mesa M\u00e9lange Corrina Martini, que combina una base calada de metal dorado con una cubierta de parquet de \u00f3nix blanco para una apariencia aireada y estimulante. El tama\u00f1o compacto de 12 x 12 hace de esta una pieza vers\u00e1til para cualquier espacio [&hellip;]<\/p>","protected":false},"featured_media":5731,"template":"","meta":[],"product_cat":[100],"product_tag":[],"brands":[{"id":107,"name":"Hooker Furniture","slug":"hooker-furniture"}],"_links":{"self":[{"href":"https:\/\/avivakende.com\/en_us\/wp-json\/wp\/v2\/product\/5730"}],"collection":[{"href":"https:\/\/avivakende.com\/en_us\/wp-json\/wp\/v2\/product"}],"about":[{"href":"https:\/\/avivakende.com\/en_us\/wp-json\/wp\/v2\/types\/product"}],"wp:featuredmedia":[{"embeddable":true,"href":"https:\/\/avivakende.com\/en_us\/wp-json\/wp\/v2\/media\/5731"}],"wp:attachment":[{"href":"https:\/\/avivakende.com\/en_us\/wp-json\/wp\/v2\/media?parent=5730"}],"wp:term":[{"taxonomy":"product_cat","embeddable":true,"href":"https:\/\/avivakende.com\/en_us\/wp-json\/wp\/v2\/product_cat?post=5730"},{"taxonomy":"product_tag","embeddable":true,"href":"https:\/\/avivakende.com\/en_us\/wp-json\/wp\/v2\/product_tag?post=5730"}],"curies":[{"name":"wp","href":"https:\/\/api.w.org\/{rel}","templated":true}]}}