{"id":5715,"date":"2022-11-25T23:54:04","date_gmt":"2022-11-25T23:54:04","guid":{"rendered":"http:\/\/localhost\/AvivaKende\/?post_type=product&#038;p=5715"},"modified":"2022-11-25T23:54:04","modified_gmt":"2022-11-25T23:54:04","slug":"living-room-melange-florence-four-door-credenza","status":"publish","type":"product","link":"https:\/\/avivakende.com\/en_us\/product\/living-room-melange-florence-four-door-credenza\/","title":{"rendered":"Living Room Melange Florence Four Door Credenza"},"content":{"rendered":"<p>Bring the outdoors in with the stunning Me\u0301lange Florence Four-Door Credenza, featuring hand cutouts of floral motifs on the four doors and generously-scaled dramatic floral silver hardware. There are 2 drawers behind the center doors and 2 adjustable shelves behind each outside door and one fixed shelf behind the pair of center doors. Crafted of Oak Veneers and Resin in a medium wood finish, the credenza has a ventilated back panel with wire management. Come closer to Melange, and you will discover something unexpected. An eclectic blending of colors, textures, and materials in a vibrant collection of one-of-a-kind artistic pieces, Melange is meant to inspire you and fuel an experience of self discovery, inspiring a renaissance in your home. Each piece of Melange has its own story. The designs are versatile and timeless, easily transcending from one life stage to the next, from home to home and generation to generation.<\/p>\n<table>\n<tr>\n<td><strong>Width:<\/strong><\/td>\n<td>90&#8243; (228.6 cm)<\/td>\n<\/tr>\n<tr>\n<td><strong>Depth:<\/strong><\/td>\n<td>20&#8243; (50.8 cm)<\/td>\n<\/tr>\n<tr>\n<td><strong>Height:<\/strong><\/td>\n<td>34&#8243; (86.4 cm)<\/td>\n<\/tr>\n<tr>\n<td><strong>Weight:<\/strong><\/td>\n<td>303 lb (136.4 kg)<\/td>\n<\/tr>\n<tr>\n<td><strong>Volume:<\/strong><\/td>\n<td>50.59 cu ft (1.4 m3)<\/td>\n<\/tr>\n<\/table>","protected":false},"excerpt":{"rendered":"<p>Traiga el aire libre con la impresionante Credenza de cuatro puertas M\u00e9lange Florence, que presenta motivos florales recortados a mano en las cuatro puertas y herrajes plateados con motivos florales de generosa escala. Hay 2 cajones detr\u00e1s de las puertas centrales y 2 estantes ajustables detr\u00e1s de cada puerta exterior y un estante fijo detr\u00e1s [&hellip;]<\/p>","protected":false},"featured_media":5716,"template":"","meta":[],"product_cat":[99],"product_tag":[],"brands":[{"id":107,"name":"Hooker Furniture","slug":"hooker-furniture"}],"_links":{"self":[{"href":"https:\/\/avivakende.com\/en_us\/wp-json\/wp\/v2\/product\/5715"}],"collection":[{"href":"https:\/\/avivakende.com\/en_us\/wp-json\/wp\/v2\/product"}],"about":[{"href":"https:\/\/avivakende.com\/en_us\/wp-json\/wp\/v2\/types\/product"}],"wp:featuredmedia":[{"embeddable":true,"href":"https:\/\/avivakende.com\/en_us\/wp-json\/wp\/v2\/media\/5716"}],"wp:attachment":[{"href":"https:\/\/avivakende.com\/en_us\/wp-json\/wp\/v2\/media?parent=5715"}],"wp:term":[{"taxonomy":"product_cat","embeddable":true,"href":"https:\/\/avivakende.com\/en_us\/wp-json\/wp\/v2\/product_cat?post=5715"},{"taxonomy":"product_tag","embeddable":true,"href":"https:\/\/avivakende.com\/en_us\/wp-json\/wp\/v2\/product_tag?post=5715"}],"curies":[{"name":"wp","href":"https:\/\/api.w.org\/{rel}","templated":true}]}}