{"id":5711,"date":"2022-11-25T23:45:56","date_gmt":"2022-11-25T23:45:56","guid":{"rendered":"http:\/\/localhost\/AvivaKende\/?post_type=product&#038;p=5711"},"modified":"2022-11-25T23:45:56","modified_gmt":"2022-11-25T23:45:56","slug":"dining-room-linville-falls-shou-sugi-ban-curio-cabinet","status":"publish","type":"product","link":"https:\/\/avivakende.com\/en_us\/product\/dining-room-linville-falls-shou-sugi-ban-curio-cabinet\/","title":{"rendered":"Dining Room Linville Falls Shou Sugi Ban Curio Cabinet"},"content":{"rendered":"<p>Con el aura de una caba\u00f1a r\u00fastica de monta\u00f1a, el gabinete de curiosidades Linville Falls tiene dos puertas con marco de madera e inserciones de vidrio con semillas. Fabricado con chapas de pino, el gabinete tiene un acabado negro carbonizado logrado a trav\u00e9s de Shou Sugi Ban, una t\u00e9cnica japonesa que crea una apariencia que se asemeja a la madera quemada. El interior est\u00e1 acabado en Mink, un gris ahumado suave. Hay tres estantes de vidrio con marco de madera ajustables, un estante de vidrio con marco de madera fijo y dos luces de disco en la parte superior con un interruptor t\u00e1ctil de tres intensidades en el panel posterior del lado derecho. Los tiradores de barra de metal texturizado tienen un acabado de peltre antiguo. Capturando la esencia de la paleta de colores org\u00e1nicos de la naturaleza y el aura de una caba\u00f1a r\u00fastica de monta\u00f1a, Hooker Furniture presenta la colecci\u00f3n Linville Falls. Toda la colecci\u00f3n para el hogar est\u00e1 dise\u00f1ada para consumidores m\u00e1s j\u00f3venes que buscan muebles informales y contempor\u00e1neos. Caracterizado por su acabado r\u00fastico y desgastado y l\u00edneas limpias combinadas con patrones de grano org\u00e1nico, Linville Falls est\u00e1 construido con s\u00f3lidos y enchapados de roble dividido y tiene una est\u00e9tica org\u00e1nica general. Se presenta en un acabado gris ahumado suave mezclado con un acabado negro carbonizado que se logra a trav\u00e9s de Shou Sugi Ban, una t\u00e9cnica japonesa que crea una elegante apariencia de madera quemada. Su escalado moderado y siluetas frescas ofrecen una yuxtaposici\u00f3n refrescante que mezcla lo antiguo con lo nuevo.<\/p>\n<table>\n<tr>\n<td><strong>Width:<\/strong><\/td>\n<td>44&#8243; (111.8 cm)<\/td>\n<\/tr>\n<tr>\n<td><strong>Depth:<\/strong><\/td>\n<td>17&#8243; (43.2 cm)<\/td>\n<\/tr>\n<tr>\n<td><strong>Height:<\/strong>:<\/td>\n<td>86&#8243; (218.4 cm)<\/td>\n<\/tr>\n<tr>\n<td><strong>Weight:<\/strong><\/td>\n<td>323 lb (145.4 kg)<\/td>\n<\/tr>\n<tr>\n<td><strong>Volume:<\/strong><\/td>\n<td>54.25 cu ft (1.5 m3)<\/td>\n<\/tr>\n<\/table>","protected":false},"excerpt":{"rendered":"<p>Con el aura de una caba\u00f1a r\u00fastica de monta\u00f1a, el gabinete de curiosidades Linville Falls tiene dos puertas con marco de madera e inserciones de vidrio con semillas. Fabricado con chapas de pino, el gabinete tiene un acabado negro carbonizado logrado a trav\u00e9s de Shou Sugi Ban, una t\u00e9cnica japonesa que crea una apariencia que [&hellip;]<\/p>","protected":false},"featured_media":5712,"template":"","meta":[],"product_cat":[99],"product_tag":[],"brands":[{"id":107,"name":"Hooker Furniture","slug":"hooker-furniture"}],"_links":{"self":[{"href":"https:\/\/avivakende.com\/en_us\/wp-json\/wp\/v2\/product\/5711"}],"collection":[{"href":"https:\/\/avivakende.com\/en_us\/wp-json\/wp\/v2\/product"}],"about":[{"href":"https:\/\/avivakende.com\/en_us\/wp-json\/wp\/v2\/types\/product"}],"wp:featuredmedia":[{"embeddable":true,"href":"https:\/\/avivakende.com\/en_us\/wp-json\/wp\/v2\/media\/5712"}],"wp:attachment":[{"href":"https:\/\/avivakende.com\/en_us\/wp-json\/wp\/v2\/media?parent=5711"}],"wp:term":[{"taxonomy":"product_cat","embeddable":true,"href":"https:\/\/avivakende.com\/en_us\/wp-json\/wp\/v2\/product_cat?post=5711"},{"taxonomy":"product_tag","embeddable":true,"href":"https:\/\/avivakende.com\/en_us\/wp-json\/wp\/v2\/product_tag?post=5711"}],"curies":[{"name":"wp","href":"https:\/\/api.w.org\/{rel}","templated":true}]}}