{"id":5651,"date":"2022-11-25T22:18:49","date_gmt":"2022-11-25T22:18:49","guid":{"rendered":"http:\/\/localhost\/AvivaKende\/?post_type=product&#038;p=5651"},"modified":"2022-11-25T22:19:45","modified_gmt":"2022-11-25T22:19:45","slug":"indr-outdr-oasis-gray-multi-5x8","status":"publish","type":"product","link":"https:\/\/avivakende.com\/en_us\/product\/indr-outdr-oasis-gray-multi-5x8\/","title":{"rendered":"Indr\/Outdr Oasis Gray Multi 5\u00d78"},"content":{"rendered":"<p>Hand Woven Plastic Bottlesare Recycled to Make Polyester Yarn Rug Pad Recommended MediumTraffic Suitablefor Both Indoorand Outdoor Abstract Geometric Pattern Hand Woven Plastic Bottlesare Recycled to Make Polyester Yarn Rug Pad Recommended MediumTraffic Suitablefor Both Indoorand Outdoor.<\/p>\n<table>\n<tr>\n<td><strong>Dimensions:<\/strong><\/td>\n<td>5W X8D<\/td>\n<\/tr>\n<tr>\n<td><strong>Fabric:<\/strong><\/td>\n<td> 100% Polyester<\/td>\n<\/tr>\n<\/table>","protected":false},"excerpt":{"rendered":"<p>Las botellas de pl\u00e1stico tejidas a mano se reciclan para hacer una alfombra de hilo de poli\u00e9ster recomendada para tr\u00e1fico medio adecuado tanto para interiores como para exteriores Patr\u00f3n geom\u00e9trico abstracto Las botellas de pl\u00e1stico tejidas a mano se reciclan para hacer una alfombra de hilo de poli\u00e9ster recomendada para tr\u00e1fico medio adecuado tanto para [&hellip;]<\/p>","protected":false},"featured_media":5652,"template":"","meta":[],"product_cat":[98],"product_tag":[],"brands":[{"id":103,"name":"Classic Home","slug":"classic-home"}],"_links":{"self":[{"href":"https:\/\/avivakende.com\/en_us\/wp-json\/wp\/v2\/product\/5651"}],"collection":[{"href":"https:\/\/avivakende.com\/en_us\/wp-json\/wp\/v2\/product"}],"about":[{"href":"https:\/\/avivakende.com\/en_us\/wp-json\/wp\/v2\/types\/product"}],"wp:featuredmedia":[{"embeddable":true,"href":"https:\/\/avivakende.com\/en_us\/wp-json\/wp\/v2\/media\/5652"}],"wp:attachment":[{"href":"https:\/\/avivakende.com\/en_us\/wp-json\/wp\/v2\/media?parent=5651"}],"wp:term":[{"taxonomy":"product_cat","embeddable":true,"href":"https:\/\/avivakende.com\/en_us\/wp-json\/wp\/v2\/product_cat?post=5651"},{"taxonomy":"product_tag","embeddable":true,"href":"https:\/\/avivakende.com\/en_us\/wp-json\/wp\/v2\/product_tag?post=5651"}],"curies":[{"name":"wp","href":"https:\/\/api.w.org\/{rel}","templated":true}]}}