{"id":5641,"date":"2022-11-25T20:32:13","date_gmt":"2022-11-25T20:32:13","guid":{"rendered":"http:\/\/localhost\/AvivaKende\/?post_type=product&#038;p=5641"},"modified":"2022-11-25T20:32:13","modified_gmt":"2022-11-25T20:32:13","slug":"harland-mirror-brass","status":"publish","type":"product","link":"https:\/\/avivakende.com\/en_us\/product\/harland-mirror-brass\/","title":{"rendered":"Harland Mirror &#8211; Brass"},"content":{"rendered":"<p>This mirror features a slim stainless steel frame finished in a light plated brushed brass. Its grand\n stature creates a beautiful statement while its fresh design maintains a clean and simple look. Mirror\n may be hung horizontal or vertical.<\/p>\n<table>\n<tr>\n<td><strong>Dimensions:<\/strong><\/td>\n<td>40 W X 80 H X 2 D (in)<\/td>\n<\/tr>\n<tr>\n<td><strong>Weight:<\/strong><\/td>\n<td>115<\/td>\n<\/tr>\n<\/table>","protected":false},"excerpt":{"rendered":"<p>Este espejo cuenta con un marco delgado de acero inoxidable acabado en lat\u00f3n cepillado chapado en luz. Su gran estatura crea una hermosa declaraci\u00f3n, mientras que su dise\u00f1o fresco mantiene un aspecto limpio y simple. El espejo se puede colgar horizontal o verticalmente. Dimensiones: 40 W X 80 H X 2 D (in) Peso: 115<\/p>","protected":false},"featured_media":5642,"template":"","meta":[],"product_cat":[97],"product_tag":[],"brands":[{"id":102,"name":"Revelation","slug":"revelation"}],"_links":{"self":[{"href":"https:\/\/avivakende.com\/en_us\/wp-json\/wp\/v2\/product\/5641"}],"collection":[{"href":"https:\/\/avivakende.com\/en_us\/wp-json\/wp\/v2\/product"}],"about":[{"href":"https:\/\/avivakende.com\/en_us\/wp-json\/wp\/v2\/types\/product"}],"wp:featuredmedia":[{"embeddable":true,"href":"https:\/\/avivakende.com\/en_us\/wp-json\/wp\/v2\/media\/5642"}],"wp:attachment":[{"href":"https:\/\/avivakende.com\/en_us\/wp-json\/wp\/v2\/media?parent=5641"}],"wp:term":[{"taxonomy":"product_cat","embeddable":true,"href":"https:\/\/avivakende.com\/en_us\/wp-json\/wp\/v2\/product_cat?post=5641"},{"taxonomy":"product_tag","embeddable":true,"href":"https:\/\/avivakende.com\/en_us\/wp-json\/wp\/v2\/product_tag?post=5641"}],"curies":[{"name":"wp","href":"https:\/\/api.w.org\/{rel}","templated":true}]}}