{"id":5626,"date":"2022-11-25T20:10:15","date_gmt":"2022-11-25T20:10:15","guid":{"rendered":"http:\/\/localhost\/AvivaKende\/?post_type=product&#038;p=5626"},"modified":"2022-11-25T20:10:16","modified_gmt":"2022-11-25T20:10:16","slug":"linneah-mirrors-gold-s-4","status":"publish","type":"product","link":"https:\/\/avivakende.com\/en_us\/product\/linneah-mirrors-gold-s-4\/","title":{"rendered":"Linneah Mirrors, Gold, S\/4"},"content":{"rendered":"<p>Scandinavian inspired mirrors are organically shaped with petite metal frames finished in aged gold. Sizes: S-14\"x13\", M1- 18\"x14\", M2- 15\"x14\", L-20\"x12\"<\/p>\n<table>\n<tbody>\n<tr>\n<td><strong>Dimensions:<\/strong><\/td>\n<td>22 W X 32 H X 2 D (in)<\/td>\n<\/tr>\n<tr>\n<td><strong>Weight:<\/strong><\/td>\n<td>35<\/td>\n<\/tr>\n<\/tbody>\n<\/table>","protected":false},"excerpt":{"rendered":"<p>Los espejos de inspiraci\u00f3n escandinava tienen una forma org\u00e1nica con peque\u00f1os marcos de metal acabados en oro envejecido. Tama\u00f1os: S-14&#8243;x13&#8243;, M1- 18&#8243;x14&#8243;, M2- 15&#8243;x14&#8243;, L-20&#8243;x12&#8243; Dimensiones: 22 W X 32 H X 2 D (in) Peso: 35<\/p>","protected":false},"featured_media":5627,"template":"","meta":[],"product_cat":[97],"product_tag":[],"brands":[{"id":101,"name":"Uttermost","slug":"uttermost"}],"_links":{"self":[{"href":"https:\/\/avivakende.com\/en_us\/wp-json\/wp\/v2\/product\/5626"}],"collection":[{"href":"https:\/\/avivakende.com\/en_us\/wp-json\/wp\/v2\/product"}],"about":[{"href":"https:\/\/avivakende.com\/en_us\/wp-json\/wp\/v2\/types\/product"}],"wp:featuredmedia":[{"embeddable":true,"href":"https:\/\/avivakende.com\/en_us\/wp-json\/wp\/v2\/media\/5627"}],"wp:attachment":[{"href":"https:\/\/avivakende.com\/en_us\/wp-json\/wp\/v2\/media?parent=5626"}],"wp:term":[{"taxonomy":"product_cat","embeddable":true,"href":"https:\/\/avivakende.com\/en_us\/wp-json\/wp\/v2\/product_cat?post=5626"},{"taxonomy":"product_tag","embeddable":true,"href":"https:\/\/avivakende.com\/en_us\/wp-json\/wp\/v2\/product_tag?post=5626"}],"curies":[{"name":"wp","href":"https:\/\/api.w.org\/{rel}","templated":true}]}}