{"id":5621,"date":"2022-11-25T19:54:34","date_gmt":"2022-11-25T19:54:34","guid":{"rendered":"http:\/\/localhost\/AvivaKende\/?post_type=product&#038;p=5621"},"modified":"2022-11-25T20:05:34","modified_gmt":"2022-11-25T20:05:34","slug":"crofton-lighted-vanity-mirror-brass","status":"publish","type":"product","link":"https:\/\/avivakende.com\/en_us\/product\/crofton-lighted-vanity-mirror-brass\/","title":{"rendered":"Crofton Lighted Vanity Mirror, Brass"},"content":{"rendered":"<p>Versatile in design, this vanity mirror has integrated LED lighting that illuminates through the frosted strip in the polished edged mirror. The brushed brass plated stainless steel frame is off set from the wall to allow ambient lighting from the back. Easy to use touch buttons are featured on the bottom right of the mirror with an on off function, touch and hold kelvin control from 2700k to 4000k, and touch and hold brightness control. LED lights rated at 40,000 hours. Ships with plug, but can be hardwired professionally.Touch screen icons continue to illuminate when powered off for easy navigation in dark settings.<\/p>\n<table>\n<tr>\n<td>\n<strong>Dimensions:<\/strong>\n<\/td>\n<td>\n22 W X 32 H X 2 D (in)\n<\/td>\n<\/tr>\n<tr>\n<td>\n<strong>Weight:<\/strong>\n<\/td>\n<td>\n35\n<\/td>\n<\/tr>\n<\/table>","protected":false},"excerpt":{"rendered":"<p>De dise\u00f1o vers\u00e1til, este espejo de tocador tiene iluminaci\u00f3n LED integrada que ilumina a trav\u00e9s de la tira esmerilada en el espejo con bordes pulidos. El marco de acero inoxidable chapado en lat\u00f3n cepillado est\u00e1 descentrado de la pared para permitir la iluminaci\u00f3n ambiental desde la parte posterior. Los botones t\u00e1ctiles f\u00e1ciles de usar se [&hellip;]<\/p>","protected":false},"featured_media":5622,"template":"","meta":[],"product_cat":[97],"product_tag":[],"brands":[{"id":101,"name":"Uttermost","slug":"uttermost"}],"_links":{"self":[{"href":"https:\/\/avivakende.com\/en_us\/wp-json\/wp\/v2\/product\/5621"}],"collection":[{"href":"https:\/\/avivakende.com\/en_us\/wp-json\/wp\/v2\/product"}],"about":[{"href":"https:\/\/avivakende.com\/en_us\/wp-json\/wp\/v2\/types\/product"}],"wp:featuredmedia":[{"embeddable":true,"href":"https:\/\/avivakende.com\/en_us\/wp-json\/wp\/v2\/media\/5622"}],"wp:attachment":[{"href":"https:\/\/avivakende.com\/en_us\/wp-json\/wp\/v2\/media?parent=5621"}],"wp:term":[{"taxonomy":"product_cat","embeddable":true,"href":"https:\/\/avivakende.com\/en_us\/wp-json\/wp\/v2\/product_cat?post=5621"},{"taxonomy":"product_tag","embeddable":true,"href":"https:\/\/avivakende.com\/en_us\/wp-json\/wp\/v2\/product_tag?post=5621"}],"curies":[{"name":"wp","href":"https:\/\/api.w.org\/{rel}","templated":true}]}}