{"id":5616,"date":"2022-11-25T18:29:48","date_gmt":"2022-11-25T18:29:48","guid":{"rendered":"http:\/\/localhost\/AvivaKende\/?post_type=product&#038;p=5616"},"modified":"2022-11-25T19:28:39","modified_gmt":"2022-11-25T19:28:39","slug":"abella-ceramic-wall-decor-aqua-s-3","status":"publish","type":"product","link":"https:\/\/avivakende.com\/en_us\/product\/abella-ceramic-wall-decor-aqua-s-3\/","title":{"rendered":"Abella Ceramic Wall Decor, Aqua, S\/3"},"content":{"rendered":"<p>A trio of ceramic flowers with detailed veining, glazed in fresh Caribbean tones. May be hung on wall or used as tabletop accessory. Sizes: Sm-11x3x11, Med-15x3x15, Lg-18x4x18<\/p>\n<table>\n<tbody>\n<tr>\n<td><strong>Dimensions<\/strong>:<\/td>\n<td>18 W X 18 H X 4 D (in)<\/td>\n<\/tr>\n<tr>\n<td><strong>Weight<\/strong>:<\/td>\n<td>18<\/td>\n<\/tr>\n<\/tbody>\n<\/table>","protected":false},"excerpt":{"rendered":"<p>Un tr\u00edo de flores de cer\u00e1mica con vetas detalladas, esmaltadas en frescos tonos caribe\u00f1os. Puede colgarse en la pared o usarse como accesorio de mesa. Tama\u00f1os: Sm-11x3x11, Med-15x3x15, Lg-18x4x18 Dimensiones: 18 W X 18 H X 4 D (in) Peso: 18<\/p>","protected":false},"featured_media":5617,"template":"","meta":[],"product_cat":[96],"product_tag":[],"brands":[{"id":101,"name":"Uttermost","slug":"uttermost"}],"_links":{"self":[{"href":"https:\/\/avivakende.com\/en_us\/wp-json\/wp\/v2\/product\/5616"}],"collection":[{"href":"https:\/\/avivakende.com\/en_us\/wp-json\/wp\/v2\/product"}],"about":[{"href":"https:\/\/avivakende.com\/en_us\/wp-json\/wp\/v2\/types\/product"}],"wp:featuredmedia":[{"embeddable":true,"href":"https:\/\/avivakende.com\/en_us\/wp-json\/wp\/v2\/media\/5617"}],"wp:attachment":[{"href":"https:\/\/avivakende.com\/en_us\/wp-json\/wp\/v2\/media?parent=5616"}],"wp:term":[{"taxonomy":"product_cat","embeddable":true,"href":"https:\/\/avivakende.com\/en_us\/wp-json\/wp\/v2\/product_cat?post=5616"},{"taxonomy":"product_tag","embeddable":true,"href":"https:\/\/avivakende.com\/en_us\/wp-json\/wp\/v2\/product_tag?post=5616"}],"curies":[{"name":"wp","href":"https:\/\/api.w.org\/{rel}","templated":true}]}}