{"id":5424,"date":"2022-11-23T20:43:58","date_gmt":"2022-11-23T20:43:58","guid":{"rendered":"http:\/\/localhost\/AvivaKende\/?post_type=product&#038;p=5424"},"modified":"2022-12-01T19:36:27","modified_gmt":"2022-12-01T19:36:27","slug":"ladies-swimwear-1959-framed-print","status":"publish","type":"product","link":"https:\/\/avivakende.com\/en_us\/product\/ladies-swimwear-1959-framed-print\/","title":{"rendered":"Ladies&#8217; Swimwear, 1959 Framed Print"},"content":{"rendered":"<p>Make a statement with this fun twist on classic black and white photography. The vintage inspired print is paired with a matte black frame and silver inner liner and is placed under glass. Artwork by The Chelsea Collection.<\/p>\n<p>&nbsp;<\/p>\n<table>\n<tbody>\n<tr>\n<td><strong>Dimensions:<\/strong><\/td>\n<td>51 W X 51 H X 3 D (in)<\/td>\n<\/tr>\n<tr>\n<td><strong>Weight:<\/strong><\/td>\n<td>56<\/td>\n<\/tr>\n<\/tbody>\n<\/table>","protected":false},"excerpt":{"rendered":"<p>Haga una declaraci\u00f3n con este divertido giro en la fotograf\u00eda cl\u00e1sica en blanco y negro. El estampado de inspiraci\u00f3n vintage se combina con un marco negro mate y un forro interior plateado y se coloca debajo de un vidrio. Obra de arte de The Chelsea Collection. &nbsp; Dimensiones: 51 W X 51 H X 3 [&hellip;]<\/p>","protected":false},"featured_media":5428,"template":"","meta":[],"product_cat":[96],"product_tag":[],"brands":[{"id":101,"name":"Uttermost","slug":"uttermost"}],"_links":{"self":[{"href":"https:\/\/avivakende.com\/en_us\/wp-json\/wp\/v2\/product\/5424"}],"collection":[{"href":"https:\/\/avivakende.com\/en_us\/wp-json\/wp\/v2\/product"}],"about":[{"href":"https:\/\/avivakende.com\/en_us\/wp-json\/wp\/v2\/types\/product"}],"wp:featuredmedia":[{"embeddable":true,"href":"https:\/\/avivakende.com\/en_us\/wp-json\/wp\/v2\/media\/5428"}],"wp:attachment":[{"href":"https:\/\/avivakende.com\/en_us\/wp-json\/wp\/v2\/media?parent=5424"}],"wp:term":[{"taxonomy":"product_cat","embeddable":true,"href":"https:\/\/avivakende.com\/en_us\/wp-json\/wp\/v2\/product_cat?post=5424"},{"taxonomy":"product_tag","embeddable":true,"href":"https:\/\/avivakende.com\/en_us\/wp-json\/wp\/v2\/product_tag?post=5424"}],"curies":[{"name":"wp","href":"https:\/\/api.w.org\/{rel}","templated":true}]}}