{"id":5419,"date":"2022-11-23T20:21:55","date_gmt":"2022-11-23T20:21:55","guid":{"rendered":"http:\/\/localhost\/AvivaKende\/?post_type=product&#038;p=5419"},"modified":"2022-12-01T19:37:42","modified_gmt":"2022-12-01T19:37:42","slug":"banana-palm-framed-prints-s-2","status":"publish","type":"product","link":"https:\/\/avivakende.com\/en_us\/product\/banana-palm-framed-prints-s-2\/","title":{"rendered":"Banana Palm Framed Prints, S\/2"},"content":{"rendered":"<p>Paying homage to traditional coastal style, these antique banana palm prints add a touch of color and charm to your space. Each print is surrounded by a natural linen liner and a solid pine wood frame in a natural finish with a light gray wash.<\/p>\n<table>\n<tbody>\n<tr>\n<td><strong>Dimensions:<\/strong><\/td>\n<td>25 W X 35 H X 3 D (in)<\/td>\n<\/tr>\n<tr>\n<td><strong>Weight:<\/strong><\/td>\n<td>38<\/td>\n<\/tr>\n<\/tbody>\n<\/table>","protected":false},"excerpt":{"rendered":"<p>Rindiendo homenaje al estilo costero tradicional, estos antiguos estampados de palmeras de pl\u00e1tano agregan un toque de color y encanto a su espacio. Cada impresi\u00f3n est\u00e1 rodeada por un forro de lino natural y un marco de madera maciza de pino en un acabado natural con un lavado gris claro. Dimensiones: 25 W X 35 [&hellip;]<\/p>","protected":false},"featured_media":5420,"template":"","meta":[],"product_cat":[96],"product_tag":[],"brands":[{"id":101,"name":"Uttermost","slug":"uttermost"}],"_links":{"self":[{"href":"https:\/\/avivakende.com\/en_us\/wp-json\/wp\/v2\/product\/5419"}],"collection":[{"href":"https:\/\/avivakende.com\/en_us\/wp-json\/wp\/v2\/product"}],"about":[{"href":"https:\/\/avivakende.com\/en_us\/wp-json\/wp\/v2\/types\/product"}],"wp:featuredmedia":[{"embeddable":true,"href":"https:\/\/avivakende.com\/en_us\/wp-json\/wp\/v2\/media\/5420"}],"wp:attachment":[{"href":"https:\/\/avivakende.com\/en_us\/wp-json\/wp\/v2\/media?parent=5419"}],"wp:term":[{"taxonomy":"product_cat","embeddable":true,"href":"https:\/\/avivakende.com\/en_us\/wp-json\/wp\/v2\/product_cat?post=5419"},{"taxonomy":"product_tag","embeddable":true,"href":"https:\/\/avivakende.com\/en_us\/wp-json\/wp\/v2\/product_tag?post=5419"}],"curies":[{"name":"wp","href":"https:\/\/api.w.org\/{rel}","templated":true}]}}