{"id":5414,"date":"2022-11-23T20:14:14","date_gmt":"2022-11-23T20:14:14","guid":{"rendered":"http:\/\/localhost\/AvivaKende\/?post_type=product&#038;p=5414"},"modified":"2022-12-01T19:39:09","modified_gmt":"2022-12-01T19:39:09","slug":"stampede-metal-wall-sculpture","status":"publish","type":"product","link":"https:\/\/avivakende.com\/en_us\/product\/stampede-metal-wall-sculpture\/","title":{"rendered":"Stampede Metal Wall Sculpture"},"content":{"rendered":"<p>A symbol of American pride, this wild mustang wall sculpture will look great running by itself or in a herd across a wall. Made of cast iron with a rich bronze finish. The sculpture hangs easily with an included hanger.<\/p>\n<p>&nbsp;<\/p>\n<table>\n<tbody>\n<tr>\n<td><strong>Dimensions:<\/strong><\/td>\n<td>11 W X 7 H X 4 D (in)<\/td>\n<\/tr>\n<tr>\n<td><strong>Weight:<\/strong><\/td>\n<td>7<\/td>\n<\/tr>\n<\/tbody>\n<\/table>","protected":false},"excerpt":{"rendered":"<p>Un s\u00edmbolo del orgullo estadounidense, esta escultura de pared de mustang salvaje se ver\u00e1 genial corriendo solo o en manada a trav\u00e9s de una pared. Fabricado en hierro fundido con un rico acabado en bronce. La escultura se cuelga f\u00e1cilmente con una percha incluida. &nbsp; Dimensiones: 11 W X 7 H X 4 D (in) [&hellip;]<\/p>","protected":false},"featured_media":5415,"template":"","meta":[],"product_cat":[96],"product_tag":[],"brands":[{"id":102,"name":"Revelation","slug":"revelation"}],"_links":{"self":[{"href":"https:\/\/avivakende.com\/en_us\/wp-json\/wp\/v2\/product\/5414"}],"collection":[{"href":"https:\/\/avivakende.com\/en_us\/wp-json\/wp\/v2\/product"}],"about":[{"href":"https:\/\/avivakende.com\/en_us\/wp-json\/wp\/v2\/types\/product"}],"wp:featuredmedia":[{"embeddable":true,"href":"https:\/\/avivakende.com\/en_us\/wp-json\/wp\/v2\/media\/5415"}],"wp:attachment":[{"href":"https:\/\/avivakende.com\/en_us\/wp-json\/wp\/v2\/media?parent=5414"}],"wp:term":[{"taxonomy":"product_cat","embeddable":true,"href":"https:\/\/avivakende.com\/en_us\/wp-json\/wp\/v2\/product_cat?post=5414"},{"taxonomy":"product_tag","embeddable":true,"href":"https:\/\/avivakende.com\/en_us\/wp-json\/wp\/v2\/product_tag?post=5414"}],"curies":[{"name":"wp","href":"https:\/\/api.w.org\/{rel}","templated":true}]}}