{"id":5409,"date":"2022-11-23T20:10:59","date_gmt":"2022-11-23T20:10:59","guid":{"rendered":"http:\/\/localhost\/AvivaKende\/?post_type=product&#038;p=5409"},"modified":"2022-12-01T19:40:54","modified_gmt":"2022-12-01T19:40:54","slug":"aitana-metal-wall-decor-antique-brass-s-3","status":"publish","type":"product","link":"https:\/\/avivakende.com\/en_us\/product\/aitana-metal-wall-decor-antique-brass-s-3\/","title":{"rendered":"Aitana Metal Wall Decor &#8211; Antique Brass, S\/3"},"content":{"rendered":"<p>A trio of heavily textured cast aluminum wall plates finished in aged brass with patina accents. Display three or even multiple sets to create a dramatic presentation. Due to the chemical reaction of the antiquing, each piece will have unique coloration. Sizes: Sm-12\", Med-15.5\", Lg-18\"<\/p>\n<table>\n<tbody>\n<tr>\n<td><strong>Dimensions:<\/strong><\/td>\n<td>3 W X 18 H X 18 D (in)<\/td>\n<\/tr>\n<tr>\n<td><strong>Weight:<\/strong><\/td>\n<td>14<\/td>\n<\/tr>\n<\/tbody>\n<\/table>","protected":false},"excerpt":{"rendered":"<p>Un tr\u00edo de placas de pared de aluminio fundido con mucha textura acabadas en lat\u00f3n envejecido con detalles de p\u00e1tina. Muestre tres o incluso varios juegos para crear una presentaci\u00f3n espectacular. Debido a la reacci\u00f3n qu\u00edmica del envejecido, cada pieza tendr\u00e1 una coloraci\u00f3n \u00fanica. Tama\u00f1os: Chico-12&#8243;, Mediano-15.5&#8243;, Grande-18&#8243; Dimensiones: 3 W X 18 H X [&hellip;]<\/p>","protected":false},"featured_media":5410,"template":"","meta":[],"product_cat":[96],"product_tag":[],"brands":[{"id":102,"name":"Revelation","slug":"revelation"}],"_links":{"self":[{"href":"https:\/\/avivakende.com\/en_us\/wp-json\/wp\/v2\/product\/5409"}],"collection":[{"href":"https:\/\/avivakende.com\/en_us\/wp-json\/wp\/v2\/product"}],"about":[{"href":"https:\/\/avivakende.com\/en_us\/wp-json\/wp\/v2\/types\/product"}],"wp:featuredmedia":[{"embeddable":true,"href":"https:\/\/avivakende.com\/en_us\/wp-json\/wp\/v2\/media\/5410"}],"wp:attachment":[{"href":"https:\/\/avivakende.com\/en_us\/wp-json\/wp\/v2\/media?parent=5409"}],"wp:term":[{"taxonomy":"product_cat","embeddable":true,"href":"https:\/\/avivakende.com\/en_us\/wp-json\/wp\/v2\/product_cat?post=5409"},{"taxonomy":"product_tag","embeddable":true,"href":"https:\/\/avivakende.com\/en_us\/wp-json\/wp\/v2\/product_tag?post=5409"}],"curies":[{"name":"wp","href":"https:\/\/api.w.org\/{rel}","templated":true}]}}