{"id":5404,"date":"2022-11-23T20:01:59","date_gmt":"2022-11-23T20:01:59","guid":{"rendered":"http:\/\/localhost\/AvivaKende\/?post_type=product&#038;p=5404"},"modified":"2022-12-01T19:42:08","modified_gmt":"2022-12-01T19:42:08","slug":"nimbus-framed-prints-s-2","status":"publish","type":"product","link":"https:\/\/avivakende.com\/en_us\/product\/nimbus-framed-prints-s-2\/","title":{"rendered":"Nimbus Framed Prints, S\/2"},"content":{"rendered":"<p>Clean and contemporary abstract prints awash in shades of charcoal, onyx, and denim blue, accented by elegant triple white matting with spacers and a matte black frame under glass. Artwork by Sisa Jasper.<\/p>\n<p>&nbsp;<\/p>\n<p>&nbsp;<\/p>\n<table>\n<tbody>\n<tr>\n<td><strong>Dimensions:<\/strong><\/td>\n<td>33 W X 43 H X 2 D (in)<\/td>\n<\/tr>\n<tr>\n<td><strong>Weight:<\/strong><\/td>\n<td>58<\/td>\n<\/tr>\n<\/tbody>\n<\/table>","protected":false},"excerpt":{"rendered":"<p>Estampados abstractos limpios y contempor\u00e1neos inundados en tonos de carb\u00f3n, \u00f3nix y azul denim, acentuados por un elegante triple blanco mate con espaciadores y un marco negro mate debajo del vidrio. Obra de arte de Sisa Jasper. &nbsp; &nbsp; Dimensiones: 33 W X 43 H X 2 D (in) Peso: 58<\/p>","protected":false},"featured_media":5405,"template":"","meta":[],"product_cat":[96],"product_tag":[],"brands":[{"id":102,"name":"Revelation","slug":"revelation"}],"_links":{"self":[{"href":"https:\/\/avivakende.com\/en_us\/wp-json\/wp\/v2\/product\/5404"}],"collection":[{"href":"https:\/\/avivakende.com\/en_us\/wp-json\/wp\/v2\/product"}],"about":[{"href":"https:\/\/avivakende.com\/en_us\/wp-json\/wp\/v2\/types\/product"}],"wp:featuredmedia":[{"embeddable":true,"href":"https:\/\/avivakende.com\/en_us\/wp-json\/wp\/v2\/media\/5405"}],"wp:attachment":[{"href":"https:\/\/avivakende.com\/en_us\/wp-json\/wp\/v2\/media?parent=5404"}],"wp:term":[{"taxonomy":"product_cat","embeddable":true,"href":"https:\/\/avivakende.com\/en_us\/wp-json\/wp\/v2\/product_cat?post=5404"},{"taxonomy":"product_tag","embeddable":true,"href":"https:\/\/avivakende.com\/en_us\/wp-json\/wp\/v2\/product_tag?post=5404"}],"curies":[{"name":"wp","href":"https:\/\/api.w.org\/{rel}","templated":true}]}}