{"id":5396,"date":"2022-11-23T19:46:09","date_gmt":"2022-11-23T19:46:09","guid":{"rendered":"http:\/\/localhost\/AvivaKende\/?post_type=product&#038;p=5396"},"modified":"2022-12-01T19:47:45","modified_gmt":"2022-12-01T19:47:45","slug":"positano-lemon-accent","status":"publish","type":"product","link":"https:\/\/avivakende.com\/en_us\/product\/positano-lemon-accent\/","title":{"rendered":"Positano Lemon Accent"},"content":{"rendered":"<p>A refreshing bunch of budding lemon stems is accented by a bed of naturally preserved moss, placed in a contemporary dimpled white ceramic pot. Container is 4.5\" W x 4.5\" H x 4.5\" D.<\/p>\n<p>&nbsp;<\/p>\n<table>\n<tbody>\n<tr>\n<td><strong>Dimensions:<\/strong><\/td>\n<td>14 W X 12 H X 14 D (in)<\/td>\n<\/tr>\n<tr>\n<td><strong>Weight:<\/strong><\/td>\n<td>4 lbs<\/td>\n<\/tr>\n<\/tbody>\n<\/table>","protected":false},"excerpt":{"rendered":"<p>Un refrescante racimo de tallos de lim\u00f3n en ciernes est\u00e1 acentuado por una cama de musgo preservado naturalmente, colocado en una maceta de cer\u00e1mica blanca con hoyuelos contempor\u00e1neos. El contenedor mide 4.5&#8243; de ancho x 4.5&#8243; de alto x 4.5&#8243; de profundidad. &nbsp; Dimensiones: 14 W X 12 H X 14 D (in) Peso: 4 [&hellip;]<\/p>","protected":false},"featured_media":5425,"template":"","meta":[],"product_cat":[95],"product_tag":[],"brands":[{"id":101,"name":"Uttermost","slug":"uttermost"}],"_links":{"self":[{"href":"https:\/\/avivakende.com\/en_us\/wp-json\/wp\/v2\/product\/5396"}],"collection":[{"href":"https:\/\/avivakende.com\/en_us\/wp-json\/wp\/v2\/product"}],"about":[{"href":"https:\/\/avivakende.com\/en_us\/wp-json\/wp\/v2\/types\/product"}],"wp:featuredmedia":[{"embeddable":true,"href":"https:\/\/avivakende.com\/en_us\/wp-json\/wp\/v2\/media\/5425"}],"wp:attachment":[{"href":"https:\/\/avivakende.com\/en_us\/wp-json\/wp\/v2\/media?parent=5396"}],"wp:term":[{"taxonomy":"product_cat","embeddable":true,"href":"https:\/\/avivakende.com\/en_us\/wp-json\/wp\/v2\/product_cat?post=5396"},{"taxonomy":"product_tag","embeddable":true,"href":"https:\/\/avivakende.com\/en_us\/wp-json\/wp\/v2\/product_tag?post=5396"}],"curies":[{"name":"wp","href":"https:\/\/api.w.org\/{rel}","templated":true}]}}