{"id":5380,"date":"2022-11-23T19:30:11","date_gmt":"2022-11-23T19:30:11","guid":{"rendered":"http:\/\/localhost\/AvivaKende\/?post_type=product&#038;p=5380"},"modified":"2022-12-01T19:55:20","modified_gmt":"2022-12-01T19:55:20","slug":"dana-hanging-chair","status":"publish","type":"product","link":"https:\/\/avivakende.com\/en_us\/product\/dana-hanging-chair\/","title":{"rendered":"Dana Hanging Chair"},"content":{"rendered":"<p>The Dana Hanging Chair is the perfect balance between intricate pattern combined with an organic, free flowing aluminum structure. The egg-shaped frame is expertly wrapped in premium all-weather olefin rope in natural Linen, and styled with 4 tufted cushions for maximum comfort.<\/p>\n<table>\n<tbody>\n<tr>\n<td><strong>Dimensions With Stand:<\/strong><\/td>\n<td>W44&#8243; x D46&#8243; x H79&#8243;<\/td>\n<\/tr>\n<tr>\n<td><strong>Chair:<\/strong><\/td>\n<td>W39&#8243; x D31&#8243; x H46&#8243;<\/td>\n<\/tr>\n<tr>\n<td><strong>Weight:<\/strong><\/td>\n<td>88 lbs<\/td>\n<\/tr>\n<\/tbody>\n<\/table>","protected":false},"excerpt":{"rendered":"<p>La silla colgante Dana es el equilibrio perfecto entre un patr\u00f3n intrincado combinado con una estructura org\u00e1nica de aluminio que fluye libremente. La estructura en forma de huevo est\u00e1 h\u00e1bilmente envuelta en una cuerda de olefina de primera calidad para todo clima en lino natural y est\u00e1 decorada con 4 cojines acolchados para una m\u00e1xima [&hellip;]<\/p>","protected":false},"featured_media":5381,"template":"","meta":[],"product_cat":[94],"product_tag":[],"brands":[{"id":104,"name":"Sunset West","slug":"sunset-west"}],"_links":{"self":[{"href":"https:\/\/avivakende.com\/en_us\/wp-json\/wp\/v2\/product\/5380"}],"collection":[{"href":"https:\/\/avivakende.com\/en_us\/wp-json\/wp\/v2\/product"}],"about":[{"href":"https:\/\/avivakende.com\/en_us\/wp-json\/wp\/v2\/types\/product"}],"wp:featuredmedia":[{"embeddable":true,"href":"https:\/\/avivakende.com\/en_us\/wp-json\/wp\/v2\/media\/5381"}],"wp:attachment":[{"href":"https:\/\/avivakende.com\/en_us\/wp-json\/wp\/v2\/media?parent=5380"}],"wp:term":[{"taxonomy":"product_cat","embeddable":true,"href":"https:\/\/avivakende.com\/en_us\/wp-json\/wp\/v2\/product_cat?post=5380"},{"taxonomy":"product_tag","embeddable":true,"href":"https:\/\/avivakende.com\/en_us\/wp-json\/wp\/v2\/product_tag?post=5380"}],"curies":[{"name":"wp","href":"https:\/\/api.w.org\/{rel}","templated":true}]}}