{"id":5333,"date":"2022-11-23T18:07:00","date_gmt":"2022-11-23T18:07:00","guid":{"rendered":"http:\/\/localhost\/AvivaKende\/?post_type=product&#038;p=5333"},"modified":"2022-12-01T20:48:56","modified_gmt":"2022-12-01T20:48:56","slug":"nuoro-table-lamp","status":"publish","type":"product","link":"https:\/\/avivakende.com\/en_us\/product\/nuoro-table-lamp\/","title":{"rendered":"Nuoro Table Lamp"},"content":{"rendered":"<p>This lamp is hand crafted with welded steel rods positioned in alternating heights, finished in a plated antique nickel. The round hardback shade is a white linen fabric with light slubbing.<\/p>\n<table>\n<tbody>\n<tr>\n<td><strong>Dimensions:<\/strong><\/td>\n<td>28H, Shade 10H X 18 Dia. (in)<\/td>\n<\/tr>\n<tr>\n<td><strong>Weight:<\/strong><\/td>\n<td>17lb<\/td>\n<\/tr>\n<\/tbody>\n<\/table>","protected":false},"excerpt":{"rendered":"<p>Esta l\u00e1mpara est\u00e1 fabricada a mano con varillas de acero soldadas colocadas en alturas alternas, acabadas en un ba\u00f1o de n\u00edquel antiguo. La pantalla redonda de tapa dura es un tejido de lino blanco con un ligero flameado. Dimensiones: 28H, pantalla 10H X 18 de di\u00e1metro. (in) Peso: 17lb<\/p>","protected":false},"featured_media":5334,"template":"","meta":[],"product_cat":[93],"product_tag":[],"brands":[{"id":102,"name":"Revelation","slug":"revelation"}],"_links":{"self":[{"href":"https:\/\/avivakende.com\/en_us\/wp-json\/wp\/v2\/product\/5333"}],"collection":[{"href":"https:\/\/avivakende.com\/en_us\/wp-json\/wp\/v2\/product"}],"about":[{"href":"https:\/\/avivakende.com\/en_us\/wp-json\/wp\/v2\/types\/product"}],"wp:featuredmedia":[{"embeddable":true,"href":"https:\/\/avivakende.com\/en_us\/wp-json\/wp\/v2\/media\/5334"}],"wp:attachment":[{"href":"https:\/\/avivakende.com\/en_us\/wp-json\/wp\/v2\/media?parent=5333"}],"wp:term":[{"taxonomy":"product_cat","embeddable":true,"href":"https:\/\/avivakende.com\/en_us\/wp-json\/wp\/v2\/product_cat?post=5333"},{"taxonomy":"product_tag","embeddable":true,"href":"https:\/\/avivakende.com\/en_us\/wp-json\/wp\/v2\/product_tag?post=5333"}],"curies":[{"name":"wp","href":"https:\/\/api.w.org\/{rel}","templated":true}]}}