{"id":5260,"date":"2022-11-23T17:08:26","date_gmt":"2022-11-23T17:08:26","guid":{"rendered":"http:\/\/localhost\/AvivaKende\/?post_type=product&#038;p=5260"},"modified":"2022-12-01T18:43:40","modified_gmt":"2022-12-01T18:43:40","slug":"mimas-3-lt-cluster-pendant","status":"publish","type":"product","link":"https:\/\/avivakende.com\/en_us\/product\/mimas-3-lt-cluster-pendant\/","title":{"rendered":"Mimas, 3 Lt Cluster Pendant"},"content":{"rendered":"<div class=\"page\" title=\"Page 2\">\n<div class=\"section\">\n<div class=\"layoutArea\">\n<div class=\"column\">\n<p>Soft contemporary lines anchor these oversized floating spheres of clear watered glass all enhanced with rich antique brass accents giving a nod to modern design lines also. Includes 3-40 watt max Edison sockets. Supplied with 15' wire, 9-12\" stems and 3-6\" stems for adjustable installation.<\/p>\n<\/div>\n<\/div>\n<\/div>\n<\/div>\n<p>&nbsp;<\/p>\n<table>\n<tbody>\n<tr>\n<td><strong>Dimensions:<\/strong><\/td>\n<td>\n<div class=\"page\" title=\"Page 2\">\n<div class=\"layoutArea\">\n<div class=\"column\">\n<p>20 H X 24 Dia. (in)<\/p>\n<\/div>\n<\/div>\n<\/div>\n<\/td>\n<\/tr>\n<tr>\n<td><strong>Weight:<\/strong><\/td>\n<td>29 lb<\/td>\n<\/tr>\n<\/tbody>\n<\/table>","protected":false},"excerpt":{"rendered":"<p>Las suaves l\u00edneas contempor\u00e1neas anclan estas esferas flotantes de gran tama\u00f1o de vidrio aguado transparente, todas realzadas con ricos detalles en lat\u00f3n antiguo que tambi\u00e9n hacen un gui\u00f1o a las l\u00edneas de dise\u00f1o moderno. Incluye enchufes Edison de 3-40 vatios m\u00e1x. Se suministra con cable de 15&#8242;, v\u00e1stagos de 9-12&#8243; y v\u00e1stagos de 3-6&#8243; para [&hellip;]<\/p>","protected":false},"featured_media":5318,"template":"","meta":[],"product_cat":[93],"product_tag":[],"brands":[{"id":101,"name":"Uttermost","slug":"uttermost"}],"_links":{"self":[{"href":"https:\/\/avivakende.com\/en_us\/wp-json\/wp\/v2\/product\/5260"}],"collection":[{"href":"https:\/\/avivakende.com\/en_us\/wp-json\/wp\/v2\/product"}],"about":[{"href":"https:\/\/avivakende.com\/en_us\/wp-json\/wp\/v2\/types\/product"}],"wp:featuredmedia":[{"embeddable":true,"href":"https:\/\/avivakende.com\/en_us\/wp-json\/wp\/v2\/media\/5318"}],"wp:attachment":[{"href":"https:\/\/avivakende.com\/en_us\/wp-json\/wp\/v2\/media?parent=5260"}],"wp:term":[{"taxonomy":"product_cat","embeddable":true,"href":"https:\/\/avivakende.com\/en_us\/wp-json\/wp\/v2\/product_cat?post=5260"},{"taxonomy":"product_tag","embeddable":true,"href":"https:\/\/avivakende.com\/en_us\/wp-json\/wp\/v2\/product_tag?post=5260"}],"curies":[{"name":"wp","href":"https:\/\/api.w.org\/{rel}","templated":true}]}}