{"id":5228,"date":"2022-11-08T21:38:07","date_gmt":"2022-11-08T21:38:07","guid":{"rendered":"http:\/\/localhost\/AvivaKende\/?post_type=product&#038;p=5228"},"modified":"2022-12-01T18:25:25","modified_gmt":"2022-12-01T18:25:25","slug":"minion-sculpture-crystal-recicling","status":"publish","type":"product","link":"https:\/\/avivakende.com\/en_us\/product\/minion-sculpture-crystal-recicling\/","title":{"rendered":"Minion Sculpture \u2013 Crystal Recicling"},"content":{"rendered":"<div class=\"page\" title=\"Page 1\">\n<div class=\"section\">\n<div class=\"layoutArea\">\n<div class=\"column\">\n<p>Minion is defined in webster's as one who is highly prized. The monolithium shape executed in crystal with a honed black marble base and brass pegs is bound to become a highly prized artistic accessory. They look great when placed individually. All the shapes are designed to coordinate and group together to create a great design statement.<\/p>\n<table>\n<tr>\n<td><strong>Dimensions:<\/strong><\/td>\n<td>12w x 10h x4d (in)<\/td>\n<\/tr>\n<tr>\n<td><strong>Weight:<\/strong><\/td>\n<td>12<\/td>\n<\/tr>\n<\/table>\n<\/div>\n<\/div>\n<\/div>\n<\/div>","protected":false},"excerpt":{"rendered":"<p>Minion se define en webster&#8217;s como alguien que es muy apreciado. La forma de monolitio ejecutada en cristal con base de m\u00e1rmol negro pulido y clavijas de lat\u00f3n est\u00e1 destinada a convertirse en un accesorio art\u00edstico muy preciado. Se ven muy bien cuando se colocan individualmente. Todas las formas est\u00e1n dise\u00f1adas para coordinarse y agruparse [&hellip;]<\/p>","protected":false},"featured_media":5229,"template":"","meta":[],"product_cat":[92],"product_tag":[],"brands":[{"id":102,"name":"Revelation","slug":"revelation"}],"_links":{"self":[{"href":"https:\/\/avivakende.com\/en_us\/wp-json\/wp\/v2\/product\/5228"}],"collection":[{"href":"https:\/\/avivakende.com\/en_us\/wp-json\/wp\/v2\/product"}],"about":[{"href":"https:\/\/avivakende.com\/en_us\/wp-json\/wp\/v2\/types\/product"}],"wp:featuredmedia":[{"embeddable":true,"href":"https:\/\/avivakende.com\/en_us\/wp-json\/wp\/v2\/media\/5229"}],"wp:attachment":[{"href":"https:\/\/avivakende.com\/en_us\/wp-json\/wp\/v2\/media?parent=5228"}],"wp:term":[{"taxonomy":"product_cat","embeddable":true,"href":"https:\/\/avivakende.com\/en_us\/wp-json\/wp\/v2\/product_cat?post=5228"},{"taxonomy":"product_tag","embeddable":true,"href":"https:\/\/avivakende.com\/en_us\/wp-json\/wp\/v2\/product_tag?post=5228"}],"curies":[{"name":"wp","href":"https:\/\/api.w.org\/{rel}","templated":true}]}}