{"id":5750,"date":"2022-11-26T00:44:18","date_gmt":"2022-11-26T00:44:18","guid":{"rendered":"http:\/\/localhost\/AvivaKende\/?page_id=5750"},"modified":"2022-11-28T18:29:32","modified_gmt":"2022-11-28T18:29:32","slug":"aviso-de-privacidad","status":"publish","type":"page","link":"https:\/\/avivakende.com\/en_us\/aviso-de-privacidad\/","title":{"rendered":"Privacy Policy"},"content":{"rendered":"<h3 class=\"has-text-align-left\">Privacy Policy<\/h3>\n\n\n\n<p>AVIVA KENDE, hereinafter \"AVIVA\" respects your privacy, and we are committed to protecting it through our compliance with this policy<br><\/p>\n\n\n\n<p>This policy describes the types of information we may collect from you or that you may provide when you visit the <a href=\"https:\/\/avivakende.com\/en_us\/\">www.avivakende.com<\/a> website and use our application and our practices for collecting, using, maintaining, protecting, and disclosing that information.<br><\/p>\n\n\n\n<p>This policy applies to the information we collect:<br><\/p>\n\n\n\n<p>\u2022 On this website.<br>\u2022 In email, text and other electronic messages between you and this website.<br>\u2022 Through mobile and desktop applications.<br>\u2022 When you interact with our advertising and applications on third-party websites and services, if\nthose applications or advertising include links to this policy.<\/p>\n\n\n\n<p><br>It does not apply to the information collected:<\/p>\n\n\n\n<p><br>\u2022 By us offline or by any other means, such as other websites operated by AVIVA or by our distributors or any other third party; or<br>\u2022 By our distributors or any other third party, either directly or through any application or content (including advertising) that may link to or be accessible from or on the website.<\/p>\n\n\n\n<p><br>Please read this policy carefully to understand our policies and practices regarding your information and how we will treat it. If you do not agree with our policies and practices, your choice is not to use our website. By accessing or using this website, you agree to this privacy policy. This policy may be constantly changing (see Changes to our Privacy Policy). Your continued use of this website and the app after we make changes is deemed acceptance of those changes, so please check the policy periodically for updates.<\/p>\n\n\n\n<p><\/p>\n\n\n\n<h5>CHILDREN UNDER 18 YEARS OF AGE<\/h5>\n\n\n\n<p><br>Our website and app are not intended for children under the age of 18. No one under the age of 18 may provide information on the website or app. We do not knowingly collect personal information from children under the age of 18. If you are under 18, please do not create an email registration account or provide information on this website or any of its features, make purchases through the website or app, use any of the interactive or public comment features of this website or app, and provide us with any information about yourself, including your name, address, telephone number, email address, or<br>any screen name or user name you may use. If we learn that we have collected or received personal information from a child under the age of 18 without verification of parental consent, we will delete that information. If you believe that we might have information from or about a child under the age of 18, please contact us at <a rel=\"noreferrer noopener\" href=\"mailto:aviva@kendeinternational.com\" target=\"_blank\">aviva@kendeinternational.com<\/a>.<br><\/p>\n\n\n\n<h5>INFORMATION WE COLLECT AND HOW WE COLLECT IT<\/h5>\n\n\n\n<p class=\" translation-block\">We collect various types of information from and about users of our website, including information: <br>\n\u2022 By which you can be personally identified, such as first and last name, email address and telephone number (\"personal information\"). <br>\n\u2022 About you, but does not identify you individually, such as interests and product preferences; and <br>\n\u2022 About your Internet connection, the equipment you use to access our website and usage details.<\/p>\n\n\n\n<p class=\" translation-block\">We compiled this information: <br>\n\u2022 Directly from you when you provide it to us.<br>\n\u2022 Automatically as you browse the site.  Information collected automatically may include usage details, IP addresses and information collected through cookies, web beacons and other tracking technologies.<\/p>\n\n\n\n<p class=\" translation-block\"><br>\nInformation you provide to us. The information we collect may include: <br>\n\u2022 Information you provide when you fill out forms. This includes information you provide if you create an account by signing up to receive email. We may also ask you for information when you enter a contest or promotion sponsored by us, and when you report a problem with our website or application. <br>\n\u2022 Records and copies of your correspondence (including email addresses) if you communicate with us. <br>\n\u2022 Your responses to surveys that we may ask you to complete for research purposes.<\/p>\n\n\n\n<p class=\" translation-block\">Usage details, IP addresses, cookies and other technologies As you browse and interact with our website, we may automatically collect certain information about your computer, browsing actions and patterns, including:<\/p>\n\n\n\n<p class=\" translation-block\">\u2022 Details of your visits to our website or application, including traffic data, logs and other communication data and the resources that you access and use on the website or application.<br>\n\u2022 Information about your computer and internet connection, including your IP address, operating system and browser type.<br><\/p>\n\n\n\n<p class=\" translation-block\">The information we automatically collect is statistical data and does not identify any individual. It helps us to improve our website or application and to provide a better and more personalized service by allowing us to:<br>\n\u2022 Estimate our audience size and usage patterns.<br>\n\u2022 Store information about your preferences, allowing us to customize our website according to your individual interests.<br>\n\u2022 Speed up your searches.<br>\n\u2022 Recognize you when you return to our website.<br><\/p>\n\n\n\n<p class=\" translation-block\">The technologies we use for this automatic data collection may include:<br>\n\u2022 Cookies (or browser cookies). A cookie is a small file that is placed on your computer's hard drive. You may refuse to accept browser cookies by activating the appropriate setting on your browser. However, if you select this setting, you may not be able to access certain parts of our website. Unless you have adjusted your browser setting so that it will refuse cookies, our system will issue cookies when you direct your browser to our website. <br>\n\u2022 Flash Cookies. Certain features of our website may use locally stored objects (or Flash cookies) to collect and store information about your preferences and navigation to, from and on our website. Flash cookies are not managed with the same browser settings that are used for browser cookies. For information on how to manage your privacy and security settings for Flash cookies, see Choices about how we use and disclose your information below.<br>\n\u2022 Web Beacons. Our website pages and our emails may contain small electronic files known as web beacons (also known as clear gifs, pixel tags and single-pixel gifs) that allow Couple, for example, to count users who have visited them. pages or opened an email and for other related website statistics (e.g., recording the popularity of certain website content and verifying system and server integrity).<\/p>\n\n\n\n<p><\/p>\n\n\n\n<p>We do not collect personal information automatically, but we may link this information to personal information about you that we collect from other sources or that you provide to us.<\/p>\n\n\n\n<h5>HOW WE USE YOUR INFORMATION<\/h5>\n\n\n\n<p class=\" translation-block\">We use the information we collect about you or that you provide to us, including any personal information: <br>\n\u2022 To introduce you to our website or application and its content. <br>\n\u2022 To provide you with information, products or services that you request from us. <br>\n\u2022 To fulfill any other purpose for which you provide it. <br>\n\u2022 To carry out our obligations and enforce our rights arising from any contracts entered into\nbetween you and us, including billing and collection. <br>\n\u2022 To notify you about changes to our website or any products or services we offer or provide through our website. <br>\n\u2022 To allow you to participate in interactive features on our website. <br>\n\u2022 In any other way we may describe when you provide the information. <br>\n\u2022 For any other purpose with your consent.<\/p>\n\n\n\n<p><br>We may use the information we have collected from you to enable us to display advertisements to our advertisers' target audiences. Although we do not disclose your personal information for these purposes without your consent, if you click on or interact with an advertisement, the advertiser may assume that you meet the targeting criteria.<\/p>\n\n\n\n<h5>DISCLOSURE OF YOUR INFORMATION<\/h5>\n\n\n\n<p><br>We may disclose aggregated information about our users without restriction. <br><br>Podemos divulgar la informaci\u00f3n personal que recopilamos o que usted proporciona como se describe<br>en esta pol\u00edtica de privacidad:<br>\u2022 A nuestros distribuidores.<br>\u2022 Para contratistas, proveedores de servicios y otros terceros que utilizamos para respaldar nuestro negocio y que est\u00e1n obligados por obligaciones contractuales a mantener la confidencialidad de la informaci\u00f3n personal y usarla solo para los fines para los que se la divulgamos.<br>\u2022 A un comprador u otro sucesor en caso de fusi\u00f3n, enajenaci\u00f3n, reestructuraci\u00f3n, reorganizaci\u00f3n, disoluci\u00f3n u otra venta o transferencia de algunos o todos los activos de AVIVA, ya sea como empresa en funcionamiento o como parte de una quiebra, liquidaci\u00f3n o similar. Procedimiento, en el que la informaci\u00f3n personal en poder de AVIVA sobre los usuarios de nuestro sitio web se encuentra entre los activos transferidos.<br>\u2022 Para cualquier otro prop\u00f3sito revelado por nosotros cuando proporcione la informaci\u00f3n.<br>\u2022 Con su consentimiento.<\/p>\n\n\n\n<p class=\" translation-block\">We may disclose personal information that we collect or that you provide as described in this privacy policy: <br>\n\u2022 To our distributors. <br>\n\u2022 To contractors, service providers and other third parties we use to support our business and who are bound by contractual obligations to maintain the confidentiality of personal information and to use it only for the purposes for which we disclose it to them.  <br>\n\u2022 To a buyer or other successor in the event of a merger, divestiture, restructuring, reorganization,  dissolution or other sale or transfer of some or all of AVIVA's assets, whether as a going concern or as part of a bankruptcy, liquidation or similar. Proceeding, in which personal information held by AVIVA about our website users is among the assets transferred. <br>\n\u2022 For any other purpose disclosed by us when you provide the information. <br>\n\u2022 With your consent. <br><\/p>\n\n\n\n<h5>CHOICES ABOUT HOW WE USE AND DISCLOSE YOUR INFORMATION<\/h5>\n\n\n\n<p><br>We strive to provide you with choices regarding the personal information you provide to us.<br><\/p>\n\n\n\n<p class=\" translation-block\">We have created mechanisms to give you the following control over your information:  <br>\n\u2022 Tracking technologies and advertising. You can set your browser to refuse all or some browser cookies, or to alert you when cookies are being sent. To learn how you can manage your Flash cookie settings, visit the Flash player settings page on Adobe's website. If you disable or reject cookies, please note that some parts of this site may be inaccessible or not function properly. <br>\n\u2022 AVIVA promotional offers. If you do not want AVIVA to use your email address to promote products or services, you may opt out by following the unsubscribe instructions when you receive an email from us.<\/p>\n\n\n\n<p class=\" translation-block\">We do not control the collection or use of your information by third parties to deliver interest-based advertising. However, these third parties may provide you with ways to opt out of having your information collected or used in this manner. You may opt out of receiving targeted advertisements from members of the Network Advertising Initiative (\"NAI\") on the NAI website.<\/p>\n\n\n\n<p><\/p>\n\n\n\n<h5>DATA SECURITY<\/h5>\n\n\n\n<p><br>We have implemented measures designed to protect your personal information against accidental loss and against unauthorized access, use, alteration and disclosure. All personally identifiable information you provide to us, including all purchase and payment information, is stored on our secure servers behind firewalls and encrypted with the latest SSL technology. <br><br>\nThe safety and security of your information also depends on you. Where we have given you (or where you have chosen) a password for accessing certain parts of our website, you are responsible for keeping this password confidential. We ask you not to share your password with anyone.<\/p>\n\n\n\n<p><br>Unfortunately, the transmission of information via the Internet is not completely secure. Although we do our best to protect your personal information, we cannot guarantee the security of your personal information transmitted to our website. Any transmission of personal information is at your own risk. We are not responsible for circumventing any privacy settings or security measures contained on the website.<\/p>\n\n\n\n<h5>CHANGES TO OUR PRIVACY POLICY<\/h5>\n\n\n\n<p><br>The date of the last revision of the privacy policy is identified at the top of the page and next to the link to the privacy policy on the home page of the website. You are responsible for ensuring that we have an active and up-to-date delivery email address for you, and for periodically visiting our website and this privacy policy to review any changes.<\/p>\n\n\n\n<p><br>To ask questions or comment about this privacy policy and our privacy practices, please contact us at: <a rel=\"noreferrer noopener\" href=\"mailto:aviva@kendeinternational.com\" target=\"_blank\">aviva@kendeinternational.com<\/a><\/p>","protected":false},"excerpt":{"rendered":"<p>Aviso de privacidad AVIVA KENDE, desde ahora \u201cAVIVA\u201d respeta su privacidad y estamos comprometidos a protegerla mediante nuestro cumplimiento de esta pol\u00edtica. Esta pol\u00edtica describe los tipos de informaci\u00f3n que podemos recopilar de usted o que puede proporcionar cuando visita el sitio web www.avivakende.com y utiliza nuestra aplicaci\u00f3n y nuestras pr\u00e1cticas para recopilar, usar, mantener, [&hellip;]<\/p>","protected":false},"author":1,"featured_media":0,"parent":0,"menu_order":0,"comment_status":"closed","ping_status":"closed","template":"","meta":[],"_links":{"self":[{"href":"https:\/\/avivakende.com\/en_us\/wp-json\/wp\/v2\/pages\/5750"}],"collection":[{"href":"https:\/\/avivakende.com\/en_us\/wp-json\/wp\/v2\/pages"}],"about":[{"href":"https:\/\/avivakende.com\/en_us\/wp-json\/wp\/v2\/types\/page"}],"author":[{"embeddable":true,"href":"https:\/\/avivakende.com\/en_us\/wp-json\/wp\/v2\/users\/1"}],"replies":[{"embeddable":true,"href":"https:\/\/avivakende.com\/en_us\/wp-json\/wp\/v2\/comments?post=5750"}],"version-history":[{"count":4,"href":"https:\/\/avivakende.com\/en_us\/wp-json\/wp\/v2\/pages\/5750\/revisions"}],"predecessor-version":[{"id":5757,"href":"https:\/\/avivakende.com\/en_us\/wp-json\/wp\/v2\/pages\/5750\/revisions\/5757"}],"wp:attachment":[{"href":"https:\/\/avivakende.com\/en_us\/wp-json\/wp\/v2\/media?parent=5750"}],"curies":[{"name":"wp","href":"https:\/\/api.w.org\/{rel}","templated":true}]}}